{"id":3702,"date":"2020-11-03T12:53:37","date_gmt":"2020-11-03T12:53:37","guid":{"rendered":"https:\/\/urkpk.org\/programmes\/cap-program\/"},"modified":"2021-06-07T10:33:02","modified_gmt":"2021-06-07T10:33:02","slug":"the-cap-programme","status":"publish","type":"page","link":"https:\/\/urkpk.org\/en\/programmes\/the-cap-programme\/","title":{"rendered":"The CAP programme"},"content":{"rendered":"<p>[et_pb_section fb_built=&#8221;1&#8243; specialty=&#8221;on&#8221; _builder_version=&#8221;4.6.6&#8243; _module_preset=&#8221;default&#8221; background_color=&#8221;rgba(0,0,0,0)&#8221;][et_pb_column type=&#8221;3_4&#8243; specialty_columns=&#8221;3&#8243; _builder_version=&#8221;3.25&#8243; custom_padding=&#8221;|||&#8221; custom_padding__hover=&#8221;|||&#8221;][et_pb_row_inner _builder_version=&#8221;4.6.6&#8243; _module_preset=&#8221;default&#8221;][et_pb_column_inner saved_specialty_column_type=&#8221;3_4&#8243; _builder_version=&#8221;4.6.6&#8243; _module_preset=&#8221;default&#8221;][et_pb_blog include_categories=&#8221;12&#8243; show_author=&#8221;off&#8221; _builder_version=&#8221;4.7.7&#8243; header_font=&#8221;|600|||||||&#8221; header_text_color=&#8221;#2b2d6a&#8221; header_font_size=&#8221;26px&#8221; body_text_color=&#8221;#2d2d2d&#8221; meta_text_color=&#8221;#ef475e&#8221; pagination_text_color=&#8221;#292d6c&#8221; background_layout=&#8221;dark&#8221; hover_enabled=&#8221;0&#8243; header_font_size_tablet=&#8221;&#8221; header_font_size_phone=&#8221;22px&#8221; header_font_size_last_edited=&#8221;on|phone&#8221; global_module=&#8221;2075&#8243; saved_tabs=&#8221;all&#8221; sticky_enabled=&#8221;0&#8243;][\/et_pb_blog][\/et_pb_column_inner][\/et_pb_row_inner][\/et_pb_column][et_pb_column type=&#8221;1_4&#8243; _builder_version=&#8221;3.25&#8243; custom_padding=&#8221;|||&#8221; custom_padding__hover=&#8221;|||&#8221;][et_pb_text _builder_version=&#8221;4.7.7&#8243; _module_preset=&#8221;default&#8221; background_color=&#8221;rgba(0,0,0,0)&#8221; custom_padding=&#8221;||||false|false&#8221; global_module=&#8221;950&#8243; saved_tabs=&#8221;all&#8221;]<\/p>\n<p><em><strong>CAP program prevencije zlostavljanja djece i mladih<\/strong><\/em><\/p>\n<p><em><a href=\"https:\/\/urkpk.org\/programi\/cap-program\/opcenito-o-cap-u\/\"><strong>Op\u0107enito o CAP-u<\/strong><\/a><\/em><\/p>\n<ul>\n<li><em><a href=\"https:\/\/urkpk.org\/programi\/cap-program\/opcenito-o-cap-u\/povijet-cap-program-u-hrvatskoj\/\">Povijest CAP programa u Hrvatskoj<\/a><\/em><\/li>\n<li><em><a href=\"https:\/\/urkpk.org\/programi\/cap-program\/opcenito-o-cap-u\/cap-program-danas\/\">CAP program danas<\/a><\/em><\/li>\n<li><em><a href=\"https:\/\/urkpk.org\/programi\/cap-program\/opcenito-o-cap-u\/provedba-cap-programa\/\">Provedba CAP programa<\/a><\/em><\/li>\n<li><em><a href=\"https:\/\/urkpk.org\/programi\/cap-program\/opcenito-o-cap-u\/icap\/\">ICAP<\/a><\/em><\/li>\n<\/ul>\n<p><em><a href=\"https:\/\/urkpk.org\/programi\/cap-program\/kurikulumi-cap-programa\/\"><strong>Kurikulumi CAP programa<\/strong><\/a><\/em><\/p>\n<ul>\n<li><em><a href=\"https:\/\/urkpk.org\/programi\/cap-program\/kurikulumni-cap-programa\/predskolski-cap\/\"><\/a><a href=\"https:\/\/urkpk.org\/programi\/cap-program\/kurikulumi-cap-programa\/predskolski-cap\/\">Pred\u0161kolski CAP<\/a><\/em><\/li>\n<li><em><a href=\"https:\/\/urkpk.org\/programi\/cap-program\/kurikulumi-cap-programa\/osnovni-cap\/\">Osnovni CAP<\/a><\/em><\/li>\n<li><em><a href=\"https:\/\/urkpk.org\/programi\/cap-program\/kurikulumi-cap-programa\/teen-cap\/\">Teen CAP<\/a><\/em><\/li>\n<li><em><a href=\"https:\/\/urkpk.org\/programi\/cap-program\/kurikulumi-cap-programa\/cap-za-djecu-s-teskocama\/\">CAP za djecu s te\u0161ko\u0107ama<strong><\/strong><\/a><\/em><\/li>\n<\/ul>\n<p><em style=\"font-size: 18px;\"><strong><a href=\"https:\/\/urkpk.org\/programi\/cap-program\/capis-baza\/\">CAPIS baza<\/a>\u00a0\u00a0<\/strong><\/em><\/p>\n<p><em><strong><\/strong><strong><\/strong><span style=\"font-size: 18px;\"><a href=\"https:\/\/urkpk.org\/programi\/cap-program\/aktivnosti-cap-programa\/\"><strong>Aktivnosti CAP programa<\/strong><\/a><\/span><\/em><\/p>\n<ul>\n<li><em><a href=\"https:\/\/urkpk.org\/programi\/cap-program\/aktivnosti-cap-programa\/nacionalna-konferencija-cap-pomagaca\/\">Nacionalna konferencija CAP pomaga\u010da<\/a><\/em><\/li>\n<li><em><a href=\"https:\/\/urkpk.org\/programi\/cap-program\/aktivnosti-cap-programa\/seminari-za-provedbu-cap-programa\/\">Seminari za provedbu CAP programa<\/a><strong><\/strong><\/em><\/li>\n<\/ul>\n<p><em><strong><a href=\"https:\/\/urkpk.org\/programi\/cap-program\/cap-mreza\/\">CAP mre\u017ea<\/a> <\/strong><\/em><\/p>\n<p><em><strong><\/strong><\/em><\/p>\n<ul>\n<li><em><a href=\"https:\/\/urkpk.org\/programi\/cap-program\/cap-mreza\/savjet-cap-a\/\">Savjet CAP-a<\/a><\/em><\/li>\n<li><em><a href=\"https:\/\/urkpk.org\/programi\/cap-program\/cap-mreza\/kordinator-cap-programa-za-hrvatsku\/\">Koordinator\u00a0<spa>CAP programa za Hrvatsku<\/spa><\/a><\/em><\/li>\n<li><em><a href=\"https:\/\/urkpk.org\/programi\/cap-program\/cap-mreza\/cap-zupanijske-koordinatorice\/\">CAP\u00a0\u017eupanijske\u00a0koordinatorice<\/a><\/em><\/li>\n<\/ul>\n<p>[\/et_pb_text][\/et_pb_column][\/et_pb_section]<\/p>\n","protected":false},"excerpt":{"rendered":"<p>CAP program prevencije zlostavljanja djece i mladih Op\u0107enito o CAP-u Povijest CAP programa u Hrvatskoj CAP program danas Provedba CAP programa ICAP Kurikulumi CAP programa Pred\u0161kolski CAP Osnovni CAP Teen CAP CAP za djecu s te\u0161ko\u0107ama CAPIS baza\u00a0\u00a0 Aktivnosti CAP programa Nacionalna konferencija CAP pomaga\u010da Seminari za provedbu CAP programa CAP mre\u017ea Savjet CAP-a Koordinator\u00a0CAP [&hellip;]<\/p>\n","protected":false},"author":1,"featured_media":0,"parent":3694,"menu_order":0,"comment_status":"closed","ping_status":"closed","template":"","meta":{"_et_pb_use_builder":"on","_et_pb_old_content":"","_et_gb_content_width":"","footnotes":""},"class_list":["post-3702","page","type-page","status-publish","hentry"],"_links":{"self":[{"href":"https:\/\/urkpk.org\/en\/wp-json\/wp\/v2\/pages\/3702","targetHints":{"allow":["GET"]}}],"collection":[{"href":"https:\/\/urkpk.org\/en\/wp-json\/wp\/v2\/pages"}],"about":[{"href":"https:\/\/urkpk.org\/en\/wp-json\/wp\/v2\/types\/page"}],"author":[{"embeddable":true,"href":"https:\/\/urkpk.org\/en\/wp-json\/wp\/v2\/users\/1"}],"replies":[{"embeddable":true,"href":"https:\/\/urkpk.org\/en\/wp-json\/wp\/v2\/comments?post=3702"}],"version-history":[{"count":1,"href":"https:\/\/urkpk.org\/en\/wp-json\/wp\/v2\/pages\/3702\/revisions"}],"predecessor-version":[{"id":3703,"href":"https:\/\/urkpk.org\/en\/wp-json\/wp\/v2\/pages\/3702\/revisions\/3703"}],"up":[{"embeddable":true,"href":"https:\/\/urkpk.org\/en\/wp-json\/wp\/v2\/pages\/3694"}],"wp:attachment":[{"href":"https:\/\/urkpk.org\/en\/wp-json\/wp\/v2\/media?parent=3702"}],"curies":[{"name":"wp","href":"https:\/\/api.w.org\/{rel}","templated":true}]}}