{"id":3732,"date":"2020-11-03T12:54:43","date_gmt":"2020-11-03T12:54:43","guid":{"rendered":"https:\/\/urkpk.org\/programmes\/mama-je-mama\/"},"modified":"2021-06-07T11:05:29","modified_gmt":"2021-06-07T11:05:29","slug":"mom-is-a-mom","status":"publish","type":"page","link":"https:\/\/urkpk.org\/en\/programmes\/mom-is-a-mom\/","title":{"rendered":"Mom is a mom"},"content":{"rendered":"<p>[et_pb_section fb_built=&#8221;1&#8243; specialty=&#8221;on&#8221; _builder_version=&#8221;4.6.6&#8243; _module_preset=&#8221;default&#8221; background_color=&#8221;rgba(0,0,0,0)&#8221;][et_pb_column type=&#8221;3_4&#8243; specialty_columns=&#8221;3&#8243; _builder_version=&#8221;3.25&#8243; custom_padding=&#8221;|||&#8221; custom_padding__hover=&#8221;|||&#8221;][et_pb_row_inner _builder_version=&#8221;4.6.6&#8243; _module_preset=&#8221;default&#8221;][et_pb_column_inner saved_specialty_column_type=&#8221;3_4&#8243; _builder_version=&#8221;4.6.6&#8243; _module_preset=&#8221;default&#8221;][et_pb_blog include_categories=&#8221;11&#8243; _builder_version=&#8221;4.8.2&#8243; _module_preset=&#8221;default&#8221; header_font=&#8221;|600|||||||&#8221; header_text_color=&#8221;#fbd40a&#8221; header_font_size=&#8221;26px&#8221; body_text_color=&#8221;#2d2d2d&#8221; meta_text_color=&#8221;#ef475e&#8221; hover_enabled=&#8221;0&#8243; header_font_size_tablet=&#8221;&#8221; header_font_size_phone=&#8221;22px&#8221; header_font_size_last_edited=&#8221;on|desktop&#8221; global_module=&#8221;2594&#8243; saved_tabs=&#8221;all&#8221; show_author=&#8221;off&#8221; sticky_enabled=&#8221;0&#8243;][\/et_pb_blog][\/et_pb_column_inner][\/et_pb_row_inner][\/et_pb_column][et_pb_column type=&#8221;1_4&#8243; _builder_version=&#8221;3.25&#8243; custom_padding=&#8221;|||&#8221; custom_padding__hover=&#8221;|||&#8221;][et_pb_text _builder_version=&#8221;4.7.7&#8243; _module_preset=&#8221;default&#8221; text_line_height=&#8221;1em&#8221; global_module=&#8221;1298&#8243; saved_tabs=&#8221;all&#8221;]<\/p>\n<h3 style=\"text-align: left;\"><a href=\"https:\/\/urkpk.org\/programi\/mama-je-mama\/\"><span style=\"color: #fbd40a;\"><strong><em>Mama je mama<\/em><\/strong><\/span><\/a><\/h3>\n<p style=\"text-align: left;\"><em><strong><\/strong><\/em><\/p>\n<p><em><a href=\"https:\/\/urkpk.org\/programi\/mama-je-mama\/opcenito-o-programu\/\"><strong><span style=\"color: #ef475e;\"><span style=\"color: #ef475e;\">Op\u0107enito o programu<\/span><\/span><\/strong><\/a><\/em><\/p>\n<ul>\n<li><em><a href=\"https:\/\/urkpk.org\/programi\/mama-je-mama\/opcenito-o-programu\/izvjestaji-o-provedbi\/\"><span style=\"color: #ef475e;\">Izvje\u0161taji o provedbi<\/span><\/a><span style=\"color: #ef475e;\"><\/span><\/em><\/li>\n<\/ul>\n<p><em><span style=\"color: #ef475e;\"><strong>\u00a0<\/strong><\/span><\/em><\/p>\n<p><em><a href=\"https:\/\/urkpk.org\/programi\/mama-je-mama\/savjetovaliste\/\"><span style=\"color: #ef475e;\"><strong>Savjetovali\u0161te<\/strong><\/span><\/a><\/em><\/p>\n<ul>\n<li><em><a href=\"https:\/\/urkpk.org\/programi\/mama-je-mama\/savjetovaliste\/psiholosko-savjetovanje\/\"><span style=\"color: #ef475e;\">Psiholo\u0161ko savjetovanje<\/span><\/a><\/em><\/li>\n<li><em><a href=\"https:\/\/urkpk.org\/programi\/mama-je-mama\/savjetovaliste\/pravno-savjetovanje\/\"><span style=\"color: #ef475e;\">Pravno savjetovanje<\/span><\/a><\/em><\/li>\n<li><em><a href=\"https:\/\/urkpk.org\/programi\/mama-je-mama\/savjetovaliste\/online-savjetovanje\/\"><span style=\"color: #ef475e;\">Online savjetovanje<\/span><\/a><\/em><\/li>\n<li><em><a href=\"https:\/\/urkpk.org\/programi\/mama-je-mama\/savjetovaliste\/telefonsko-savjetovanje\/\"><span style=\"color: #ef475e;\">Telefonsko savjetovanje<\/span><\/a><\/em><\/li>\n<li><em><a href=\"https:\/\/urkpk.org\/programi\/mama-je-mama\/savjetovaliste\/male-edukativne-grupe\/\"><span style=\"color: #ef475e;\">Male edukativne grupe<\/span><\/a><\/em><\/li>\n<li><em><a href=\"https:\/\/urkpk.org\/programi\/mama-je-mama\/savjetovaliste\/grupe-podrske\/\"><span style=\"color: #ef475e;\">Grupe podr\u0161ke<\/span><\/a><\/em><\/li>\n<\/ul>\n<p><span style=\"color: #ef475e;\"><strong><\/strong><\/span><\/p>\n<p><a href=\"https:\/\/urkpk.org\/programi\/mama-je-mama\/portal-za-maloljetne-trudnice-i-roditelje\/\"><span style=\"color: #ef475e;\"><strong><em>Portal za maloljetne <\/em><\/strong><\/span><em><span style=\"color: #ef475e;\"><strong>trudnice i roditelj<\/strong><\/span><\/em><\/a><\/p>\n<p><em><span style=\"color: #ef475e;\"><strong><\/strong><\/span><\/em><\/p>\n<p><em><a href=\"https:\/\/urkpk.org\/programi\/mama-je-mama\/experteen-mreza-strucnjaka\/\"><span style=\"color: #ef475e;\"><strong>ExperTeen \u2013 <\/strong><\/span><span style=\"color: #ef475e;\"><strong>mre\u017ea stru\u010dnjaka<\/strong><\/span><\/a><\/em><\/p>\n<p><em><span style=\"color: #ef475e;\"><strong><\/strong><\/span><\/em><\/p>\n<p><em><a href=\"https:\/\/urkpk.org\/programi\/mama-je-mama\/dvije-crte-plavo\/\"><span style=\"color: #ef475e;\"><strong>Dvije crte plavo<\/strong><\/span><\/a><\/em><\/p>\n<p><em><span style=\"color: #ef475e;\"><strong><\/strong><\/span><\/em><\/p>\n<p><em><a href=\"https:\/\/urkpk.org\/programi\/mama-je-mama\/aktivna-mama\/\"><span style=\"color: #ef475e;\"><strong>Aktivna mama<\/strong><\/span><\/a><\/em><\/p>\n<p>&nbsp;<\/p>\n<p>[\/et_pb_text][\/et_pb_column][\/et_pb_section]<\/p>\n","protected":false},"excerpt":{"rendered":"<p>Mama je mama Op\u0107enito o programu Izvje\u0161taji o provedbi \u00a0 Savjetovali\u0161te Psiholo\u0161ko savjetovanje Pravno savjetovanje Online savjetovanje Telefonsko savjetovanje Male edukativne grupe Grupe podr\u0161ke Portal za maloljetne trudnice i roditelj ExperTeen \u2013 mre\u017ea stru\u010dnjaka Dvije crte plavo Aktivna mama &nbsp;<\/p>\n","protected":false},"author":1,"featured_media":0,"parent":3694,"menu_order":0,"comment_status":"closed","ping_status":"closed","template":"","meta":{"_et_pb_use_builder":"on","_et_pb_old_content":"","_et_gb_content_width":"","footnotes":""},"class_list":["post-3732","page","type-page","status-publish","hentry"],"_links":{"self":[{"href":"https:\/\/urkpk.org\/en\/wp-json\/wp\/v2\/pages\/3732","targetHints":{"allow":["GET"]}}],"collection":[{"href":"https:\/\/urkpk.org\/en\/wp-json\/wp\/v2\/pages"}],"about":[{"href":"https:\/\/urkpk.org\/en\/wp-json\/wp\/v2\/types\/page"}],"author":[{"embeddable":true,"href":"https:\/\/urkpk.org\/en\/wp-json\/wp\/v2\/users\/1"}],"replies":[{"embeddable":true,"href":"https:\/\/urkpk.org\/en\/wp-json\/wp\/v2\/comments?post=3732"}],"version-history":[{"count":1,"href":"https:\/\/urkpk.org\/en\/wp-json\/wp\/v2\/pages\/3732\/revisions"}],"predecessor-version":[{"id":3733,"href":"https:\/\/urkpk.org\/en\/wp-json\/wp\/v2\/pages\/3732\/revisions\/3733"}],"up":[{"embeddable":true,"href":"https:\/\/urkpk.org\/en\/wp-json\/wp\/v2\/pages\/3694"}],"wp:attachment":[{"href":"https:\/\/urkpk.org\/en\/wp-json\/wp\/v2\/media?parent=3732"}],"curies":[{"name":"wp","href":"https:\/\/api.w.org\/{rel}","templated":true}]}}