{"id":3772,"date":"2020-12-10T12:05:00","date_gmt":"2020-12-10T12:05:00","guid":{"rendered":"https:\/\/urkpk.org\/programmes\/mom-is-a-mom\/counselling-centre\/grupe-podrske\/"},"modified":"2021-06-09T07:34:58","modified_gmt":"2021-06-09T07:34:58","slug":"grupe-podrske","status":"publish","type":"page","link":"https:\/\/urkpk.org\/en\/programmes\/mom-is-a-mom\/counselling-centre\/grupe-podrske\/","title":{"rendered":"Grupe podr\u0161ke"},"content":{"rendered":"<p>[et_pb_section fb_built=&#8221;1&#8243; specialty=&#8221;on&#8221; _builder_version=&#8221;4.6.6&#8243; _module_preset=&#8221;default&#8221; background_color=&#8221;rgba(0,0,0,0)&#8221;][et_pb_column type=&#8221;3_4&#8243; specialty_columns=&#8221;3&#8243; _builder_version=&#8221;3.25&#8243; custom_padding=&#8221;|||&#8221; custom_padding__hover=&#8221;|||&#8221;][et_pb_row_inner _builder_version=&#8221;4.6.6&#8243; _module_preset=&#8221;default&#8221; custom_padding=&#8221;|||2px||&#8221;][et_pb_column_inner saved_specialty_column_type=&#8221;3_4&#8243; _builder_version=&#8221;4.6.6&#8243; _module_preset=&#8221;default&#8221;][et_pb_text _builder_version=&#8221;4.7.5&#8243; _module_preset=&#8221;default&#8221;]<\/p>\n<h2 style=\"text-align: center;\"><span style=\"color: #fbd40a;\"><strong>GRUPE PODR\u0160KE<\/strong><\/span><\/h2>\n<p><strong><\/strong><\/p>\n<p><strong><\/strong><\/p>\n<p style=\"text-align: justify;\">Grupe podr\u0161ke su namijenjene maloljetnim i mladim majkama, trudnicama i roditeljima s ciljem unaprje\u0111enja znanja i vje\u0161tina koje \u0107e ih osna\u017eiti za samostalni \u017eivot i suo\u010davanje s izazovima roditeljstva.\u00a0<span style=\"font-size: 18px;\">U opu\u0161tenom okru\u017eenju bez osu\u0111ivanja, kroz zabavu i interaktivne sadr\u017eaje razgovaramo o temama koje prepoznajete va\u017enima za bolju brigu o sebi i djetetu.\u00a0<\/span><span style=\"font-size: 18px;\">\u010clanovi ovih grupa su maloljetne i mlade majke (i roditelji) koje \u017eive samostalno ili su nedavno iza\u0161le iz ustanove, a \u017eele biti u kontaktu s <span style=\"color: #727272;\">drugim majkama i roditeljima koji se nalaze u sli\u010dnoj \u017eivotnoj situaciji.\u00a0<\/span><\/span><\/p>\n<p style=\"text-align: justify;\"><span style=\"color: #727272;\">Susreti se odr\u017eavaju u prostorijama Savjetovali\u0161ta. Grupne susrete vode zaposlenici Udruge roditelja Korak po korak <\/span>i vanjski suradnici u unaprijed dogovorenim terminima.\u00a0<span style=\"font-size: 18px;\">Teme grupnih susreta se prilago\u0111avaju samim \u010dlanovima i njihovim potrebama.\u00a0<\/span><span style=\"font-size: 18px;\">Mogu biti vezane uz ostvarivanje prava iz socijalne skrbi, pobolj\u0161anja partnerskih odnosa, usavr\u0161avanja roditeljskih kompetencija, provo\u0111enja slobodnog vremena, podizanja razine samopouzdanja, kreativne na\u010dine rje\u0161avanja svakodnevnih \u017eivotnih pote\u0161ko\u0107a, usvajanje novih znanja i vje\u0161tina te mnoge druge.<\/span><\/p>\n<p style=\"text-align: justify;\">Rad se odvija u ugodnoj atmosferi kroz razgovor, grupne diskusije, kreativno izra\u017eavanje i prikazivanje multimedijalnih sadr\u017eaja.\u00a0\u00a0<span style=\"font-size: 18px;\">Za mame i roditelje koji nisu u mogu\u0107nosti na grupne susrete do\u0107i bez djece, osigurana je animacija djece prigodnim aktivnostima koje provode volonteri i zaposlenici Udruge.<\/span><\/p>\n<p>[\/et_pb_text][\/et_pb_column_inner][\/et_pb_row_inner][\/et_pb_column][et_pb_column type=&#8221;1_4&#8243; _builder_version=&#8221;3.25&#8243; custom_padding=&#8221;|||&#8221; custom_padding__hover=&#8221;|||&#8221;][et_pb_text _builder_version=&#8221;4.7.7&#8243; _module_preset=&#8221;default&#8221; text_line_height=&#8221;1em&#8221; saved_tabs=&#8221;all&#8221; global_module=&#8221;1298&#8243;]<\/p>\n<h3 style=\"text-align: left;\"><a href=\"https:\/\/urkpk.org\/programi\/mama-je-mama\/\"><span style=\"color: #fbd40a;\"><strong><em>Mama je mama<\/em><\/strong><\/span><\/a><\/h3>\n<p style=\"text-align: left;\"><em><strong><\/strong><\/em><\/p>\n<p><em><a href=\"https:\/\/urkpk.org\/programi\/mama-je-mama\/opcenito-o-programu\/\"><strong><span style=\"color: #ef475e;\"><span style=\"color: #ef475e;\">Op\u0107enito o programu<\/span><\/span><\/strong><\/a><\/em><\/p>\n<ul>\n<li><em><a href=\"https:\/\/urkpk.org\/programi\/mama-je-mama\/opcenito-o-programu\/izvjestaji-o-provedbi\/\"><span style=\"color: #ef475e;\">Izvje\u0161taji o provedbi<\/span><\/a><span style=\"color: #ef475e;\"><\/span><\/em><\/li>\n<\/ul>\n<p><em><span style=\"color: #ef475e;\"><strong>\u00a0<\/strong><\/span><\/em><\/p>\n<p><em><a href=\"https:\/\/urkpk.org\/programi\/mama-je-mama\/savjetovaliste\/\"><span style=\"color: #ef475e;\"><strong>Savjetovali\u0161te<\/strong><\/span><\/a><\/em><\/p>\n<ul>\n<li><em><a href=\"https:\/\/urkpk.org\/programi\/mama-je-mama\/savjetovaliste\/psiholosko-savjetovanje\/\"><span style=\"color: #ef475e;\">Psiholo\u0161ko savjetovanje<\/span><\/a><\/em><\/li>\n<li><em><a href=\"https:\/\/urkpk.org\/programi\/mama-je-mama\/savjetovaliste\/pravno-savjetovanje\/\"><span style=\"color: #ef475e;\">Pravno savjetovanje<\/span><\/a><\/em><\/li>\n<li><em><a href=\"https:\/\/urkpk.org\/programi\/mama-je-mama\/savjetovaliste\/online-savjetovanje\/\"><span style=\"color: #ef475e;\">Online savjetovanje<\/span><\/a><\/em><\/li>\n<li><em><a href=\"https:\/\/urkpk.org\/programi\/mama-je-mama\/savjetovaliste\/telefonsko-savjetovanje\/\"><span style=\"color: #ef475e;\">Telefonsko savjetovanje<\/span><\/a><\/em><\/li>\n<li><em><a href=\"https:\/\/urkpk.org\/programi\/mama-je-mama\/savjetovaliste\/male-edukativne-grupe\/\"><span style=\"color: #ef475e;\">Male edukativne grupe<\/span><\/a><\/em><\/li>\n<li><em><a href=\"https:\/\/urkpk.org\/programi\/mama-je-mama\/savjetovaliste\/grupe-podrske\/\"><span style=\"color: #ef475e;\">Grupe podr\u0161ke<\/span><\/a><\/em><\/li>\n<\/ul>\n<p><span style=\"color: #ef475e;\"><strong><\/strong><\/span><\/p>\n<p><a href=\"https:\/\/urkpk.org\/programi\/mama-je-mama\/portal-za-maloljetne-trudnice-i-roditelje\/\"><span style=\"color: #ef475e;\"><strong><em>Portal za maloljetne <\/em><\/strong><\/span><em><span style=\"color: #ef475e;\"><strong>trudnice i roditelje<\/strong><\/span><\/em><\/a><\/p>\n<p><em><span style=\"color: #ef475e;\"><strong><\/strong><\/span><\/em><\/p>\n<p><em><a href=\"https:\/\/urkpk.org\/programi\/mama-je-mama\/experteen-mreza-strucnjaka\/\"><span style=\"color: #ef475e;\"><strong>ExperTeen \u2013 <\/strong><\/span><span style=\"color: #ef475e;\"><strong>mre\u017ea stru\u010dnjaka<\/strong><\/span><\/a><\/em><\/p>\n<p><em><span style=\"color: #ef475e;\"><strong><\/strong><\/span><\/em><\/p>\n<p><em><a href=\"https:\/\/urkpk.org\/programi\/mama-je-mama\/dvije-crte-plavo\/\"><span style=\"color: #ef475e;\"><strong>Dvije crte plavo<\/strong><\/span><\/a><\/em><\/p>\n<p><em><span style=\"color: #ef475e;\"><strong><\/strong><\/span><\/em><\/p>\n<p><em><a href=\"https:\/\/urkpk.org\/programi\/mama-je-mama\/aktivna-mama\/\"><span style=\"color: #ef475e;\"><strong>Aktivna mama<\/strong><\/span><\/a><\/em><\/p>\n<p>&nbsp;<\/p>\n<p>[\/et_pb_text][\/et_pb_column][\/et_pb_section]<\/p>\n","protected":false},"excerpt":{"rendered":"<p>GRUPE PODR\u0160KE Grupe podr\u0161ke su namijenjene maloljetnim i mladim majkama, trudnicama i roditeljima s ciljem unaprje\u0111enja znanja i vje\u0161tina koje \u0107e ih osna\u017eiti za samostalni \u017eivot i suo\u010davanje s izazovima roditeljstva.\u00a0U opu\u0161tenom okru\u017eenju bez osu\u0111ivanja, kroz zabavu i interaktivne sadr\u017eaje razgovaramo o temama koje prepoznajete va\u017enima za bolju brigu o sebi i djetetu.\u00a0\u010clanovi ovih grupa [&hellip;]<\/p>\n","protected":false},"author":1,"featured_media":0,"parent":3741,"menu_order":0,"comment_status":"closed","ping_status":"closed","template":"","meta":{"_et_pb_use_builder":"on","_et_pb_old_content":"","_et_gb_content_width":"","footnotes":""},"class_list":["post-3772","page","type-page","status-publish","hentry"],"_links":{"self":[{"href":"https:\/\/urkpk.org\/en\/wp-json\/wp\/v2\/pages\/3772","targetHints":{"allow":["GET"]}}],"collection":[{"href":"https:\/\/urkpk.org\/en\/wp-json\/wp\/v2\/pages"}],"about":[{"href":"https:\/\/urkpk.org\/en\/wp-json\/wp\/v2\/types\/page"}],"author":[{"embeddable":true,"href":"https:\/\/urkpk.org\/en\/wp-json\/wp\/v2\/users\/1"}],"replies":[{"embeddable":true,"href":"https:\/\/urkpk.org\/en\/wp-json\/wp\/v2\/comments?post=3772"}],"version-history":[{"count":6,"href":"https:\/\/urkpk.org\/en\/wp-json\/wp\/v2\/pages\/3772\/revisions"}],"predecessor-version":[{"id":3995,"href":"https:\/\/urkpk.org\/en\/wp-json\/wp\/v2\/pages\/3772\/revisions\/3995"}],"up":[{"embeddable":true,"href":"https:\/\/urkpk.org\/en\/wp-json\/wp\/v2\/pages\/3741"}],"wp:attachment":[{"href":"https:\/\/urkpk.org\/en\/wp-json\/wp\/v2\/media?parent=3772"}],"curies":[{"name":"wp","href":"https:\/\/api.w.org\/{rel}","templated":true}]}}