{"id":3868,"date":"2021-01-06T09:02:49","date_gmt":"2021-01-06T09:02:49","guid":{"rendered":"https:\/\/urkpk.org\/programmes\/implemented-projects\/projekti-iz-eu-fondova\/"},"modified":"2021-06-09T16:46:53","modified_gmt":"2021-06-09T16:46:53","slug":"projects-financed-from-eu-funds","status":"publish","type":"page","link":"https:\/\/urkpk.org\/en\/programmes\/implemented-projects\/projects-financed-from-eu-funds\/","title":{"rendered":"Projects financed from EU funds"},"content":{"rendered":"<p>[et_pb_section fb_built=&#8221;1&#8243; specialty=&#8221;on&#8221; _builder_version=&#8221;4.6.6&#8243; _module_preset=&#8221;default&#8221; background_color=&#8221;rgba(0,0,0,0)&#8221;][et_pb_column type=&#8221;3_4&#8243; specialty_columns=&#8221;3&#8243; _builder_version=&#8221;3.25&#8243; custom_padding=&#8221;|||&#8221; custom_padding__hover=&#8221;|||&#8221;][et_pb_row_inner _builder_version=&#8221;4.6.6&#8243; _module_preset=&#8221;default&#8221;][et_pb_column_inner saved_specialty_column_type=&#8221;3_4&#8243; _builder_version=&#8221;4.7.7&#8243; _module_preset=&#8221;default&#8221;][et_pb_text _builder_version=&#8221;4.9.2&#8243; _module_preset=&#8221;default&#8221; custom_margin=&#8221;||19px|||&#8221; hover_enabled=&#8221;0&#8243; sticky_enabled=&#8221;0&#8243;]<\/p>\n<h1 style=\"text-align: center;\"><span style=\"color: #2b2d6a;\"><strong><em>Projects financed from EU funds<\/em><\/strong><\/span><\/h1>\n<p><span style=\"color: #24bdb8;\"><strong><\/strong><\/span><\/p>\n<p><span style=\"color: #24bdb8;\"><strong><\/strong><\/span><\/p>\n<p>[\/et_pb_text][et_pb_toggle title=&#8221;ORGANISATIONS THAT CARE  (2015 &#8211; 2016)&#8221; open_toggle_text_color=&#8221;#fbd40a&#8221; closed_toggle_background_color=&#8221;#f1eff0&#8243; icon_color=&#8221;#24bdb8&#8243; use_icon_font_size=&#8221;on&#8221; icon_font_size=&#8221;24px&#8221; _builder_version=&#8221;4.9.2&#8243; _module_preset=&#8221;default&#8221; title_text_color=&#8221;#24bdb8&#8243; title_font=&#8221;|700|||||||&#8221; title_text_align=&#8221;center&#8221; body_text_align=&#8221;left&#8221; text_orientation=&#8221;left&#8221; custom_padding=&#8221;|50px||50px|false|false&#8221; border_radii=&#8221;on|70px|70px|70px|70px&#8221; border_width_all=&#8221;2px&#8221; border_color_all=&#8221;#24bdb8&#8243;]<\/p>\n<p><img loading=\"lazy\" decoding=\"async\" src=\"https:\/\/urkpk.org\/wp-content\/uploads\/2021\/01\/LOGO-organizacije-koje-brinu-297x300.jpg\" width=\"297\" height=\"300\" alt=\"\" class=\"wp-image-2331 alignnone size-medium\" style=\"display: block; margin-left: auto; margin-right: auto;\" \/><\/p>\n<p><span style=\"font-weight: 400;\">The project <\/span><b>Organisations That Care (Organizacije koje brinu)<\/b><span style=\"font-weight: 400;\"> was carried out in 2015 and 2016 and co-financed by the European Union as part of the IPA component I &#8211; Transition Assistance and Institution Building and the Office for Cooperation with the NGOs of the Government of the Republic of Croatia. The project was carried out with the aim to strengthen civil society organisations for monitoring and advocating good governance and transparent decision-making with regard to the policies related to children and youths.\u00a0<\/span><\/p>\n<p><span style=\"font-weight: 400;\">This project was carried out in three cities, Sveti Ivan Zelina, Beli\u0161\u0107e and Vukovar, in partnership with the civil society organisations PRONI &#8211; Social Tuition Centre from Osijek, PROANIMA.Kreativka from Vukovar, the Youth Centre Beli\u0161\u0107e and the Youth Association Zelina and the City of Sveti Ivan Zelina. Cities of Beli\u0161\u0107e and Vukovar and the Association of Cities were associates of the project.\u00a0<\/span><\/p>\n<p><span style=\"font-weight: 400;\">The <\/span><b>survey \u201cWhat do YOU want to change?\u201d<\/b><span style=\"font-weight: 400;\"> was conducted as part of the project, with more than 3100 respondents, 2600 of which were children, and which collected suggestions for the improvement of the quality of life of children in three local communities. The support to civil society organisations and training sessions of the officials of institutions that deal in the promotion, respect, and protection of the rights of children and youths at the level of local self-government were provided through the activities. Training sessions were held for representatives of the local self-government, members of the council for prevention, members of local civil society organisations and media representatives who participated in the drafting of local strategies for children and youths, based on real needs of the communities.\u00a0<\/span><\/p>\n<p><span style=\"font-weight: 400;\">The project resulted in the drafting and adoption of three <\/span><b>Local Strategies for Children for the period 2016 &#8211; 2020 &#8211; in Beli\u0161\u0107e, Vukovar and Sveti Ivan Zelina<\/b><span style=\"font-weight: 400;\">, as a contribution to creating cities tailored for children.\u00a0<\/span><\/p>\n<p>[\/et_pb_toggle][et_pb_toggle title=&#8221;STRENGTHENING THE RIGHT OF CHILDREN TO BE SAFE (2013 &#8211; 2015)&#8221; open_toggle_text_color=&#8221;#fbd40a&#8221; closed_toggle_background_color=&#8221;#f1eff0&#8243; icon_color=&#8221;#24bdb8&#8243; use_icon_font_size=&#8221;on&#8221; icon_font_size=&#8221;24px&#8221; _builder_version=&#8221;4.9.2&#8243; _module_preset=&#8221;default&#8221; title_text_color=&#8221;#24bdb8&#8243; title_level=&#8221;h6&#8243; title_font=&#8221;|700|||||||&#8221; title_text_align=&#8221;center&#8221; body_text_align=&#8221;left&#8221; text_orientation=&#8221;left&#8221; custom_padding=&#8221;|50px||50px|false|false&#8221; border_radii=&#8221;on|70px|70px|70px|70px&#8221; border_width_all=&#8221;2px&#8221; border_color_all=&#8221;#24bdb8&#8243;]<\/p>\n<p style=\"text-align: justify;\"><img loading=\"lazy\" decoding=\"async\" src=\"https:\/\/urkpk.org\/wp-content\/uploads\/2021\/01\/Osnazimo-pravo-djece-logo.png\" width=\"617\" height=\"421\" alt=\"\" class=\"wp-image-2336 alignnone size-full\" srcset=\"https:\/\/urkpk.org\/wp-content\/uploads\/2021\/01\/Osnazimo-pravo-djece-logo.png 617w, https:\/\/urkpk.org\/wp-content\/uploads\/2021\/01\/Osnazimo-pravo-djece-logo-480x327.png 480w\" sizes=\"(min-width: 0px) and (max-width: 480px) 480px, (min-width: 481px) 617px, 100vw\" \/><\/p>\n<p><b>The project Strengthening the Right of Children to be Safe<\/b> <b>(Osna\u017eimo pravo djece da budu sigurna)<\/b><span style=\"font-weight: 400;\"> was carried out from 2013 until 2015, co-financed by the European Union under the European Instrument for Democracy and Human Rights (EIDHR) and the Office for Cooperation with the NGOs of the Government of the Republic of Croatia.\u00a0<\/span><\/p>\n<p><span style=\"font-weight: 400;\">The goal of the project was to strengthen the implementation of the legal framework that protects the children from all forms of violence and through various activities, there was an emphasis on the approach focused on the child, whereby all systems included in the protection of children\u2019s rights play a major role, particularly emphasising the mutual cooperation and responsibility of each individual to act in the child\u2019s best interest.\u00a0<\/span><\/p>\n<p><span style=\"font-weight: 400;\">A large survey was conducted as part of the project with almost 6000 youths, parents, employees of the schools, kindergartens and important child protection systems, the media and local self-government participated from all over Croatia with the goal of determining crucial problems that affect the reduced efficiency in the protection of children from all forms of violence and drafting recommendations on how to improve that system. The results of the <a href=\"https:\/\/urkpk.org\/wp-content\/uploads\/2021\/01\/Edukacija%20Istra%C5%BEiva%C4%8Dki%20izvje%C5%A1taj%20-%20Osna%C5%BEimo%20pravo%20djece.....pdf\">survey<\/a> and those recommendations were presented in the survey report, and as part of the project, the publication <a href=\"https:\/\/urkpk.org\/wp-content\/uploads\/2020\/04\/Svi-mi-smo-sustav.pdf\">We are all the system<\/a> was published, intended for all those who deal with the issue of protection, respect, and promotion of the rights of children.\u00a0<\/span><\/p>\n<p><span style=\"font-weight: 400;\">The project was carried out in five counties: The City of Zagreb, Osijek-Baranja County, Istria County, Primorje-Gorski Kotar County and Dubrovnik-Neretva County. Project partners included the FENIKS Association from Dubrovnik, Alfa Albona Association from Labin, Portal Alfa Association, Beli\u0161\u0107e and U.Z.O.R. Association from Rijeka. Project associates consisted of the City of Zagreb, City of Beli\u0161\u0107e, City of Labin and Istria County, City of Rijeka, and City of Dubrovnik.\u00a0<\/span><\/p>\n<p>[\/et_pb_toggle][et_pb_toggle title=&#8221;TOGETHER FOR MUMS (2015 &#8211; 2016)&#8221; open_toggle_text_color=&#8221;#fbd40a&#8221; closed_toggle_background_color=&#8221;#f1eff0&#8243; icon_color=&#8221;#24bdb8&#8243; use_icon_font_size=&#8221;on&#8221; icon_font_size=&#8221;24px&#8221; _builder_version=&#8221;4.9.2&#8243; _module_preset=&#8221;default&#8221; title_text_color=&#8221;#24bdb8&#8243; title_level=&#8221;h6&#8243; title_font=&#8221;|700|||||||&#8221; title_text_align=&#8221;center&#8221; body_text_align=&#8221;left&#8221; text_orientation=&#8221;left&#8221; custom_padding=&#8221;|50px||50px|false|false&#8221; border_radii=&#8221;on|70px|70px|70px|70px&#8221; border_width_all=&#8221;2px&#8221; border_color_all=&#8221;#24bdb8&#8243;]<\/p>\n<p><img loading=\"lazy\" decoding=\"async\" src=\"https:\/\/urkpk.org\/wp-content\/uploads\/2021\/01\/Zajedno-za-mame-LOGO-300x184.png\" width=\"356\" height=\"218\" alt=\"\" class=\"wp-image-2413 alignnone size-medium\" style=\"display: block; margin-left: auto; margin-right: auto;\" \/><\/p>\n<p><b>Together for Mums (Zajedno za mame)<\/b><span style=\"font-weight: 400;\"> is a project aimed at helping minor and young mothers and their families that was carried out on the territory of Koprivnica-Kri\u017eevci County, with the goal of networking and strengthening the civil society organisation for providing social services to minor and young mothers at risk of social exclusion.\u00a0<\/span><\/p>\n<p><span style=\"font-weight: 400;\">The project was carried out over the course of 2015 and 2016 in partnership with the Women\u2019s Association \u201cHera\u201d Kri\u017eevci, the \u201cChildren First\u201d Association from Zagreb, the Department of Social Services Kri\u017eevci and co-financed by the European Social Fund under the priority \u201cStrengthening the capacity of civil society organisations for the provision of social services\u201d.<\/span><\/p>\n<p><span style=\"font-weight: 400;\">The project has enabled greater awareness, education, and empowerment of minor and young mothers in order to strengthen their personal competencies and social skills and empower them to actively participate in the community. The Counselling Centre for minor and young mothers on the premises of the Department of Social Services in Kri\u017eevci was opened as part of this project and the experts have been educated and sensitised to provide psychosocial support to minor and young mothers, whereby, in the long term, the awareness level on the issues of minor pregnancies and the position of minor and young mothers at risk of social exclusion is raised.\u00a0<\/span><\/p>\n<p><span style=\"font-weight: 400;\">The publication <a href=\"https:\/\/urkpk.org\/wp-content\/uploads\/2021\/01\/PODRSKA-Iskustva-provedbe.pdf\">Implementation experiences and good practice examples of the expansion of social services in the community<\/a> was published, presenting an overview of the results achieved, the sustainability and the possibility of implementation in other local communities.\u00a0<\/span><\/p>\n<p><strong style=\"font-size: 18px;\"><\/strong><\/p>\n<p>[\/et_pb_toggle][\/et_pb_column_inner][\/et_pb_row_inner][\/et_pb_column][et_pb_column type=&#8221;1_4&#8243; _builder_version=&#8221;3.25&#8243; custom_padding=&#8221;|||&#8221; custom_padding__hover=&#8221;|||&#8221;][et_pb_text _builder_version=&#8221;4.9.2&#8243; _module_preset=&#8221;default&#8221; custom_margin=&#8221;|8px||||&#8221; saved_tabs=&#8221;all&#8221; global_module=&#8221;4023&#8243;]<\/p>\n<h3><span style=\"color: #2b2d6a;\"><em><strong>Implemented Projects<\/strong><\/em><\/span><\/h3>\n<h3><span style=\"font-size: 18px;\">\u00a0<\/span><\/h3>\n<ul>\n<li><a href=\"https:\/\/urkpk.org\/en\/programmes\/implemented-projects\/national-projects\/\"><em>National Projects<\/em><\/a><\/li>\n<\/ul>\n<ul>\n<li><a href=\"https:\/\/urkpk.org\/en\/programmes\/implemented-projects\/projects-financed-from-eu-funds\/\"><em>Projects financed from EU funds<\/em><\/a><\/li>\n<\/ul>\n<ul>\n<li><a href=\"https:\/\/urkpk.org\/en\/programmes\/implemented-projects\/international-partner-projects\/\"><span style=\"font-size: 18px;\"><em>International Partner Projects<\/em><\/span><\/a><\/li>\n<\/ul>\n<p><strong><\/strong><\/p>\n<p>[\/et_pb_text][\/et_pb_column][\/et_pb_section]<\/p>\n","protected":false},"excerpt":{"rendered":"<p>Projects financed from EU funds The project Organisations That Care (Organizacije koje brinu) was carried out in 2015 and 2016 and co-financed by the European Union as part of the IPA component I &#8211; Transition Assistance and Institution Building and the Office for Cooperation with the NGOs of the Government of the Republic of Croatia. [&hellip;]<\/p>\n","protected":false},"author":1,"featured_media":0,"parent":3856,"menu_order":0,"comment_status":"closed","ping_status":"closed","template":"","meta":{"_et_pb_use_builder":"on","_et_pb_old_content":"","_et_gb_content_width":"","footnotes":""},"class_list":["post-3868","page","type-page","status-publish","hentry"],"_links":{"self":[{"href":"https:\/\/urkpk.org\/en\/wp-json\/wp\/v2\/pages\/3868","targetHints":{"allow":["GET"]}}],"collection":[{"href":"https:\/\/urkpk.org\/en\/wp-json\/wp\/v2\/pages"}],"about":[{"href":"https:\/\/urkpk.org\/en\/wp-json\/wp\/v2\/types\/page"}],"author":[{"embeddable":true,"href":"https:\/\/urkpk.org\/en\/wp-json\/wp\/v2\/users\/1"}],"replies":[{"embeddable":true,"href":"https:\/\/urkpk.org\/en\/wp-json\/wp\/v2\/comments?post=3868"}],"version-history":[{"count":3,"href":"https:\/\/urkpk.org\/en\/wp-json\/wp\/v2\/pages\/3868\/revisions"}],"predecessor-version":[{"id":4027,"href":"https:\/\/urkpk.org\/en\/wp-json\/wp\/v2\/pages\/3868\/revisions\/4027"}],"up":[{"embeddable":true,"href":"https:\/\/urkpk.org\/en\/wp-json\/wp\/v2\/pages\/3856"}],"wp:attachment":[{"href":"https:\/\/urkpk.org\/en\/wp-json\/wp\/v2\/media?parent=3868"}],"curies":[{"name":"wp","href":"https:\/\/api.w.org\/{rel}","templated":true}]}}