{"id":3931,"date":"2020-04-09T13:52:14","date_gmt":"2020-04-09T13:52:14","guid":{"rendered":"https:\/\/urkpk.org\/about-us\/partnerstva-i-mreze\/"},"modified":"2026-03-30T12:34:35","modified_gmt":"2026-03-30T12:34:35","slug":"partnerstva-i-mreze","status":"publish","type":"page","link":"https:\/\/urkpk.org\/en\/about-us\/partnerstva-i-mreze\/","title":{"rendered":"Partnerstva i mre\u017ee"},"content":{"rendered":"<p>[et_pb_section fb_built=&#8221;1&#8243; _builder_version=&#8221;4.16&#8243; custom_margin=&#8221;||-77px|||&#8221; custom_padding=&#8221;1px||50px||false|false&#8221; global_colors_info=&#8221;{}&#8221;][et_pb_row use_custom_gutter=&#8221;on&#8221; gutter_width=&#8221;1&#8243; _builder_version=&#8221;4.16&#8243; custom_margin=&#8221;|auto|-3px|auto||&#8221; global_colors_info=&#8221;{}&#8221;][et_pb_column type=&#8221;4_4&#8243; _builder_version=&#8221;4.16&#8243; global_colors_info=&#8221;{}&#8221;][et_pb_text _builder_version=&#8221;4.16&#8243; header_text_align=&#8221;center&#8221; header_text_color=&#8221;#545454&#8243; header_line_height=&#8221;2em&#8221; global_colors_info=&#8221;{}&#8221;]<\/p>\n<h1 style=\"text-align: center;\">\u00a0<span style=\"color: #ef475e;\"><strong>Partnerstva i mre\u017ee<\/strong><\/span><\/h1>\n<p style=\"text-align: justify;\">Na\u0161a mre\u017ea i partneri temelj su na\u0161eg rasta i razvoja. Osim \u0161to smo usredoto\u010deni na na\u0161e aktivnosti i usluge te na direktni rad s na\u0161im korisnicima i korisnicama, <span style=\"color: #ef475e;\"><strong>ve\u0107 smo dugi niz godina dio nacionalnih i me\u0111unarodnih mre\u017ea i partnera s kojima \u010desto sura\u0111ujemo kako bismo podijelili znanje i iskustva, razmjenjivali najbolje prakse te u\u010dili o\u00a0 inovativnim pristupima, metodologijama i na\u010dinima rje\u0161avanja dru\u0161tvenih i organizacijskih problema, kao i individualnih potreba na\u0161ih korisni\u010dkih skupina.<\/strong><\/span><\/p>\n<p style=\"text-align: justify;\">Na taj na\u010din razvijamo partnersku mre\u017eu i omogu\u0107ujemo <span style=\"color: #ef475e;\"><strong>ostvarenje na\u0161e misije kroz me\u0111usobnu podr\u0161ku u odr\u017eavanju doga\u0111aja, izradi i provedbi projekata te u zagovara\u010dkom radu<\/strong><\/span> na lokalnoj, regionalnoj, nacionalnoj i europskoj razini.<\/p>\n<p style=\"text-align: justify;\">Tijekom dosada\u0161njih vi\u0161e od 20 godina sura\u0111ivali smo s razli\u010ditim dionicima, uklju\u010duju\u0107i ministarstva i dr\u017eavna tijela, jedinice lokalne i podru\u010dne (regionalne) samouprave, nacionalne agencije, odgojno-obrazovne i istra\u017eiva\u010dke institucije, te organizacije civilnog dru\u0161tva.<\/p>\n<p style=\"text-align: justify;\">Udruga aktivno sudjeluje u radu svih mre\u017ea organizacija u kojima sudjeluje kao punopravna \u010dlanica te na taj na\u010din kontinuirano ostvaruje rast broja partnerskih organizacija iz razli\u010ditih dr\u017eava i sektora s kojima dijeli posve\u0107enost zajedni\u010dkim vrijednostima, pristupu temeljenom na ljudskim pravima i metodologijskim pristupima te ostvarenju svrhe.<\/p>\n<p style=\"text-align: justify;\">Po\u0161tuju\u0107i vrijednosti <span style=\"color: #ef475e;\"><strong>odgovornosti, tolerancije, uva\u017eavanja razli\u010ditosti, nediskriminacije i jednakosti pristupa, promicanja dobrobiti i nenasilja<\/strong><\/span>, smatramo da tek zajedni\u010dkim radom mo\u017eemo doprinijeti i utjecati na ostvarenje vizije \u2013 demokratsko dru\u0161tvousmjereno na djecu postavljaju\u0107i njihovu dobrobit, razvoj i \u0161kolovanje kao prioritet, a obnovu vrijednosti roditeljstva kao izvor mogu\u0107nosti za rje\u0161avanje sukoba izme\u0111u rada i brige o djeci, \u010dine\u0107i sve da se roditeljska uloga cijeni i olak\u0161a.<\/p>\n<p style=\"text-align: justify;\"><span style=\"color: #ef475e;\"><strong>Udruga roditelja Korak po korak \u010dlanica je<\/strong> <\/span>sljede\u0107ih nacionalnih i me\u0111unarodnih mre\u017ea:<\/p>\n<p style=\"text-align: justify;\">\n<p>[\/et_pb_text][\/et_pb_column][\/et_pb_row][\/et_pb_section][et_pb_section fb_built=&#8221;1&#8243; _builder_version=&#8221;4.16&#8243; custom_padding=&#8221;3px|||||&#8221; saved_tabs=&#8221;all&#8221; global_colors_info=&#8221;{}&#8221;][et_pb_row column_structure=&#8221;3_5,2_5&#8243; make_equal=&#8221;on&#8221; _builder_version=&#8221;4.16&#8243; global_colors_info=&#8221;{}&#8221;][et_pb_column type=&#8221;3_5&#8243; module_class=&#8221;vertical-align&#8221; _builder_version=&#8221;4.16&#8243; global_colors_info=&#8221;{}&#8221;][et_pb_text _builder_version=&#8221;4.16&#8243; global_colors_info=&#8221;{}&#8221;]<\/p>\n<p style=\"text-align: justify;\"><span style=\"color: #292d6c;\"><strong><span>Mrez\u030ca\u00a0<\/span><span>udruga<\/span><span>\u00a0za\u00a0<\/span><span>djecu &#8211;<\/span><\/strong><\/span><span>\u00a0<\/span><wbr \/><span>osnovana je 2023. godine s ciljem analize i prac\u0301enja javnih politika\u00a0koje se odnose na\u00a0<\/span><span>djecu<\/span><span>, s naglaskom na\u00a0skupine djece\u00a0u nepovoljnom poloz\u030caju. U Mrez\u030ci\u00a0sudjeluje 20 c\u030clanica,\u00a0<\/span><span>udruga<\/span><span>\u00a0i\u00a0krovnih organizacija koje djeluju na c\u030citavom teritoriju\u00a0Republike Hrvatske,\u00a0zalaz\u030cuc\u0301i\u00a0se za dobrobit djece i mladih.<\/span><\/p>\n<p>[\/et_pb_text][\/et_pb_column][et_pb_column type=&#8221;2_5&#8243; module_class=&#8221;vertical-align&#8221; _builder_version=&#8221;4.16&#8243; global_colors_info=&#8221;{}&#8221;][et_pb_image src=&#8221;https:\/\/urkpk.org\/wp-content\/uploads\/2026\/03\/Mreza-udruga-za-djecu.png&#8221; url=&#8221;https:\/\/euparents.eu\/&#8221; url_new_window=&#8221;on&#8221; align=&#8221;center&#8221; _builder_version=&#8221;4.27.5&#8243; width=&#8221;70%&#8221; hover_enabled=&#8221;0&#8243; global_colors_info=&#8221;{}&#8221; title_text=&#8221;Mre\u017ea udruga za djecu&#8221; sticky_enabled=&#8221;0&#8243;][\/et_pb_image][\/et_pb_column][\/et_pb_row][et_pb_row column_structure=&#8221;2_5,3_5&#8243; make_equal=&#8221;on&#8221; _builder_version=&#8221;4.16&#8243; global_colors_info=&#8221;{}&#8221;][et_pb_column type=&#8221;2_5&#8243; module_class=&#8221;vertical-align&#8221; _builder_version=&#8221;4.16&#8243; global_colors_info=&#8221;{}&#8221;][et_pb_image src=&#8221;https:\/\/urkpk.org\/wp-content\/uploads\/2020\/04\/COFACE.png&#8221; url=&#8221;http:\/\/www.coface-eu.org\/&#8221; url_new_window=&#8221;on&#8221; align=&#8221;center&#8221; _builder_version=&#8221;4.16&#8243; width=&#8221;70%&#8221; width_tablet=&#8221;65%&#8221; width_phone=&#8221;75%&#8221; width_last_edited=&#8221;on|phone&#8221; global_colors_info=&#8221;{}&#8221;][\/et_pb_image][\/et_pb_column][et_pb_column type=&#8221;3_5&#8243; module_class=&#8221;vertical-align&#8221; _builder_version=&#8221;4.16&#8243; global_colors_info=&#8221;{}&#8221;][et_pb_text _builder_version=&#8221;4.16&#8243; global_colors_info=&#8221;{}&#8221;]<\/p>\n<p style=\"text-align: justify;\"><strong><span style=\"color: #fbd40a;\">COFACE Obitelji Europe<\/span> &#8211;<\/strong> pluralisti\u010dka je mre\u017ea udruga civilnog dru\u0161tva koja predstavljaju interese svih obitelji. Punopravna smo \u010dlanica ove mre\u017ee od 2014. godine.<\/p>\n<p>[\/et_pb_text][\/et_pb_column][\/et_pb_row][et_pb_row column_structure=&#8221;3_5,2_5&#8243; make_equal=&#8221;on&#8221; _builder_version=&#8221;4.16&#8243; global_colors_info=&#8221;{}&#8221;][et_pb_column type=&#8221;3_5&#8243; module_class=&#8221;vertical-align&#8221; _builder_version=&#8221;4.16&#8243; global_colors_info=&#8221;{}&#8221;][et_pb_text _builder_version=&#8221;4.16&#8243; global_colors_info=&#8221;{}&#8221;]<\/p>\n<p style=\"text-align: justify;\"><span style=\"color: #292d6c;\"><strong>Europsko udru\u017eenje roditelja \u2013 EPA <\/strong><\/span>osnovano s ciljem podupiranja demokratskih principa i promoviranja ve\u0107eg sudjelovanja roditelja i lokalne zajednice u odgoju i obrazovanju djece. Udruga je punopravna \u010dlanica ove mre\u017ee od 2014. godine.<\/p>\n<p>[\/et_pb_text][\/et_pb_column][et_pb_column type=&#8221;2_5&#8243; module_class=&#8221;vertical-align&#8221; _builder_version=&#8221;4.16&#8243; global_colors_info=&#8221;{}&#8221;][et_pb_image src=&#8221;https:\/\/urkpk.org\/wp-content\/uploads\/2020\/04\/EPA.jpg&#8221; url=&#8221;https:\/\/euparents.eu\/&#8221; url_new_window=&#8221;on&#8221; align=&#8221;center&#8221; _builder_version=&#8221;4.16&#8243; width=&#8221;70%&#8221; global_colors_info=&#8221;{}&#8221;][\/et_pb_image][\/et_pb_column][\/et_pb_row][et_pb_row column_structure=&#8221;2_5,3_5&#8243; make_equal=&#8221;on&#8221; _builder_version=&#8221;4.16&#8243; global_colors_info=&#8221;{}&#8221;][et_pb_column type=&#8221;2_5&#8243; module_class=&#8221;vertical-align&#8221; _builder_version=&#8221;4.16&#8243; global_colors_info=&#8221;{}&#8221;][et_pb_image src=&#8221;https:\/\/urkpk.org\/wp-content\/uploads\/2020\/04\/DLEARN.png&#8221; url=&#8221;http:\/\/dlearn.eu\/&#8221; url_new_window=&#8221;on&#8221; align=&#8221;center&#8221; _builder_version=&#8221;4.16&#8243; custom_margin=&#8221;60px|||||&#8221; custom_margin_tablet=&#8221;11px||33px||false|false&#8221; custom_margin_phone=&#8221;&#8221; custom_margin_last_edited=&#8221;on|phone&#8221; global_colors_info=&#8221;{}&#8221;][\/et_pb_image][\/et_pb_column][et_pb_column type=&#8221;3_5&#8243; module_class=&#8221;vertical-align&#8221; _builder_version=&#8221;4.16&#8243; global_colors_info=&#8221;{}&#8221;][et_pb_text _builder_version=&#8221;4.16&#8243; global_colors_info=&#8221;{}&#8221;]<\/p>\n<p style=\"text-align: justify;\"><span style=\"color: #24bdb8;\"><strong>Europska mre\u017ea za digitalno u\u010denje &#8211; DLEARN <\/strong><\/span>Cilj mu je prihvatiti izazove koje donosi digitalna transformacija u smislu neuskla\u0111enosti digitalnih vje\u0161tina i mogu\u0107nosti digitalnog u\u010denja. Udruga je punopravna \u010dlanica mre\u017ee DLEARN od 2019. godine.<\/p>\n<p>[\/et_pb_text][\/et_pb_column][\/et_pb_row][et_pb_row column_structure=&#8221;3_5,2_5&#8243; make_equal=&#8221;on&#8221; _builder_version=&#8221;4.16&#8243; global_colors_info=&#8221;{}&#8221;][et_pb_column type=&#8221;3_5&#8243; module_class=&#8221;vertical-align&#8221; _builder_version=&#8221;4.16&#8243; global_colors_info=&#8221;{}&#8221;][et_pb_text _builder_version=&#8221;4.16&#8243; global_colors_info=&#8221;{}&#8221;]<\/p>\n<p style=\"text-align: justify;\"><span style=\"color: #fbd40a;\"><strong>Me\u0111unarodni centar za prevencija nasilja nad i me\u0111u djecom<\/strong><\/span> \u2013 ICAP \u2013 Udruga roditelja Korak po korak regionalni je trening centar za provedbu najve\u0107eg svjetskog programa prevencije zlostavljanja CAP programa od 2000. godine. \u010clanovi smo upravnog odbora Me\u0111unarodnog centra za prevenciju nasilja \u2013 ICAP.<\/p>\n<p>[\/et_pb_text][\/et_pb_column][et_pb_column type=&#8221;2_5&#8243; module_class=&#8221;vertical-align&#8221; _builder_version=&#8221;4.16&#8243; global_colors_info=&#8221;{}&#8221;][et_pb_image src=&#8221;https:\/\/urkpk.org\/wp-content\/uploads\/2020\/04\/ICAP.jpg&#8221; url=&#8221;https:\/\/internationalcap.org\/&#8221; url_new_window=&#8221;on&#8221; align=&#8221;center&#8221; _builder_version=&#8221;4.16&#8243; width_tablet=&#8221;55%&#8221; width_phone=&#8221;77%&#8221; width_last_edited=&#8221;on|phone&#8221; custom_margin=&#8221;45px|||||&#8221; custom_margin_tablet=&#8221;&#8221; custom_margin_phone=&#8221;22px||||false|false&#8221; custom_margin_last_edited=&#8221;on|tablet&#8221; global_colors_info=&#8221;{}&#8221;][\/et_pb_image][\/et_pb_column][\/et_pb_row][et_pb_row column_structure=&#8221;2_5,3_5&#8243; make_equal=&#8221;on&#8221; _builder_version=&#8221;4.16&#8243; global_colors_info=&#8221;{}&#8221;][et_pb_column type=&#8221;2_5&#8243; module_class=&#8221;vertical-align&#8221; _builder_version=&#8221;4.16&#8243; global_colors_info=&#8221;{}&#8221;][et_pb_image src=&#8221;https:\/\/urkpk.org\/wp-content\/uploads\/2020\/04\/KUD.jpg&#8221; url=&#8221;https:\/\/www.facebook.com\/pg\/KUDRH\/about\/?ref=page_internal&#8221; url_new_window=&#8221;on&#8221; align=&#8221;center&#8221; _builder_version=&#8221;4.16&#8243; width_tablet=&#8221;&#8221; width_phone=&#8221;&#8221; width_last_edited=&#8221;on|desktop&#8221; global_colors_info=&#8221;{}&#8221;][\/et_pb_image][\/et_pb_column][et_pb_column type=&#8221;3_5&#8243; module_class=&#8221;vertical-align&#8221; _builder_version=&#8221;4.16&#8243; global_colors_info=&#8221;{}&#8221;][et_pb_text _builder_version=&#8221;4.16&#8243; global_colors_info=&#8221;{}&#8221;]<\/p>\n<p style=\"text-align: justify;\"><span style=\"color: #24bdb8;\"><strong>Koordinacija udruga za djecu<\/strong><\/span> je nevladina i neprofitna udruga koja okuplja 22 \u010dlanice &#8211; organizacije koje se bave aktivnostima u podru\u010dju za\u0161tite dje\u010djih prava. Koordinacija zajedni\u010dkim snagama zagovara i promi\u010de interese i dobrobit djece u Hrvatskoj. Udruga Korak po korak \u010dlanica je i jedna od osniva\u010dica ove Koordinacije.<\/p>\n<p>[\/et_pb_text][\/et_pb_column][\/et_pb_row][et_pb_row column_structure=&#8221;3_5,2_5&#8243; make_equal=&#8221;on&#8221; _builder_version=&#8221;4.16&#8243; global_colors_info=&#8221;{}&#8221;][et_pb_column type=&#8221;3_5&#8243; module_class=&#8221;vertical-align&#8221; _builder_version=&#8221;4.16&#8243; global_colors_info=&#8221;{}&#8221;][et_pb_text _builder_version=&#8221;4.16&#8243; global_colors_info=&#8221;{}&#8221;]<\/p>\n<p style=\"text-align: justify;\">\u010clanovi smo <span style=\"color: #ef475e;\"><strong>GOOD inicijative<\/strong><\/span> &#8211; organizacije civilnog dru\u0161tva koje se bave neformalnim obrazovanjem i ljudskim pravima od 2008. godine okupljene su u\u00a0Inicijativu koja se zala\u017ee za sustavno i kvalitetno uvo\u0111enje odgoja i obrazovanja za ljudska prava i demokratsko gra\u0111anstvo u odgojno-obrazovni sustav\u00a0(GOOD Inicijativa).<\/p>\n<p>[\/et_pb_text][\/et_pb_column][et_pb_column type=&#8221;2_5&#8243; module_class=&#8221;vertical-align&#8221; _builder_version=&#8221;4.16&#8243; global_colors_info=&#8221;{}&#8221;][et_pb_image src=&#8221;https:\/\/urkpk.org\/wp-content\/uploads\/2020\/04\/GOOD.png&#8221; url=&#8221;http:\/\/goo.hr\/&#8221; url_new_window=&#8221;on&#8221; align=&#8221;center&#8221; _builder_version=&#8221;4.16&#8243; width=&#8221;79%&#8221; width_tablet=&#8221;50%&#8221; width_phone=&#8221;80%&#8221; width_last_edited=&#8221;on|phone&#8221; global_colors_info=&#8221;{}&#8221;][\/et_pb_image][\/et_pb_column][\/et_pb_row][\/et_pb_section]<\/p>\n","protected":false},"excerpt":{"rendered":"<p>\u00a0Partnerstva i mre\u017ee Na\u0161a mre\u017ea i partneri temelj su na\u0161eg rasta i razvoja. Osim \u0161to smo usredoto\u010deni na na\u0161e aktivnosti i usluge te na direktni rad s na\u0161im korisnicima i korisnicama, ve\u0107 smo dugi niz godina dio nacionalnih i me\u0111unarodnih mre\u017ea i partnera s kojima \u010desto sura\u0111ujemo kako bismo podijelili znanje i iskustva, razmjenjivali najbolje [&hellip;]<\/p>\n","protected":false},"author":1,"featured_media":0,"parent":3631,"menu_order":0,"comment_status":"closed","ping_status":"closed","template":"","meta":{"_et_pb_use_builder":"on","_et_pb_old_content":"","_et_gb_content_width":"","footnotes":""},"class_list":["post-3931","page","type-page","status-publish","hentry"],"_links":{"self":[{"href":"https:\/\/urkpk.org\/en\/wp-json\/wp\/v2\/pages\/3931","targetHints":{"allow":["GET"]}}],"collection":[{"href":"https:\/\/urkpk.org\/en\/wp-json\/wp\/v2\/pages"}],"about":[{"href":"https:\/\/urkpk.org\/en\/wp-json\/wp\/v2\/types\/page"}],"author":[{"embeddable":true,"href":"https:\/\/urkpk.org\/en\/wp-json\/wp\/v2\/users\/1"}],"replies":[{"embeddable":true,"href":"https:\/\/urkpk.org\/en\/wp-json\/wp\/v2\/comments?post=3931"}],"version-history":[{"count":3,"href":"https:\/\/urkpk.org\/en\/wp-json\/wp\/v2\/pages\/3931\/revisions"}],"predecessor-version":[{"id":5458,"href":"https:\/\/urkpk.org\/en\/wp-json\/wp\/v2\/pages\/3931\/revisions\/5458"}],"up":[{"embeddable":true,"href":"https:\/\/urkpk.org\/en\/wp-json\/wp\/v2\/pages\/3631"}],"wp:attachment":[{"href":"https:\/\/urkpk.org\/en\/wp-json\/wp\/v2\/media?parent=3931"}],"curies":[{"name":"wp","href":"https:\/\/api.w.org\/{rel}","templated":true}]}}