{"id":3938,"date":"2020-04-09T13:51:53","date_gmt":"2020-04-09T13:51:53","guid":{"rendered":"https:\/\/urkpk.org\/about-us\/ukljuci-se\/"},"modified":"2023-06-06T11:44:05","modified_gmt":"2023-06-06T11:44:05","slug":"get-involved","status":"publish","type":"page","link":"https:\/\/urkpk.org\/en\/about-us\/get-involved\/","title":{"rendered":"Get involved"},"content":{"rendered":"<p>[et_pb_section fb_built=&#8221;1&#8243; _builder_version=&#8221;4.3.2&#8243; global_colors_info=&#8221;{}&#8221;][et_pb_row _builder_version=&#8221;4.4.2&#8243; global_colors_info=&#8221;{}&#8221;][et_pb_column type=&#8221;4_4&#8243; _builder_version=&#8221;4.4.2&#8243; global_colors_info=&#8221;{}&#8221;][et_pb_text _builder_version=&#8221;4.4.2&#8243; text_orientation=&#8221;center&#8221; global_colors_info=&#8221;{}&#8221;]<\/p>\n<h2><strong>Donirajte!<\/strong><\/h2>\n<p>Udruga roditelja korak po korak je neprofitna organizacija koja prikuplja ve\u0107inu svojih sredstava od razli\u010ditih sponzora i donatora putem javnih natje\u010daja. Oslanjamo se na donacije i javnu potporu u provo\u0111enju na\u0161ih aktivnosti usmjerenih na promicanje dje\u010djih prava kao i prava njihovih obitelji.<\/p>\n<p>Va\u0161a osobna donacija, ma koliko velika ili mala, \u010dini razliku!<\/p>\n<p>Ako \u017eelite donirati i podr\u017eati rad Udruge, to mo\u017eete u\u010diniti na na\u0161 bankovni ra\u010dun otvoren kod\u00a0 Zagreba\u010dke banke d.d.:<\/p>\n<p><strong>HR9123600001101650818<\/strong><\/p>\n<p><strong>SWIFT: ZABAHR2X<\/strong><\/p>\n<p><strong>OIB: 85852827713<\/strong><\/p>\n<p>[\/et_pb_text][\/et_pb_column][\/et_pb_row][\/et_pb_section][et_pb_section fb_built=&#8221;1&#8243; _builder_version=&#8221;4.3.2&#8243; background_color=&#8221;#24bdb8&#8243; global_colors_info=&#8221;{}&#8221;][et_pb_row _builder_version=&#8221;4.4.2&#8243; global_colors_info=&#8221;{}&#8221;][et_pb_column type=&#8221;4_4&#8243; _builder_version=&#8221;4.4.2&#8243; global_colors_info=&#8221;{}&#8221;][et_pb_text _builder_version=&#8221;4.4.2&#8243; header_2_text_color=&#8221;#292d6c&#8221; text_orientation=&#8221;center&#8221; background_layout=&#8221;dark&#8221; global_colors_info=&#8221;{}&#8221;]<\/p>\n<h2>Zapo\u0161ljavanje<\/h2>\n<p><span style=\"color: #ef475e;\"><strong>TRENUTA\u010cNO NEMAMO OTVORENIH NATJE\u010cAJA ZA POSAO<\/strong><\/span><\/p>\n<p>UR Korak po korak stalno nastoji pro\u0161iriti svoj tim, a osim ovdje, informacije o otvorenim natje\u010dajima za zapo\u0161ljavanje biti \u0107e dostupne na na\u0161oj facebook stranici @UR.KpK<\/p>\n<p>[\/et_pb_text][\/et_pb_column][\/et_pb_row][\/et_pb_section][et_pb_section fb_built=&#8221;1&#8243; _builder_version=&#8221;4.3.2&#8243; global_colors_info=&#8221;{}&#8221;][et_pb_row _builder_version=&#8221;4.4.2&#8243; global_colors_info=&#8221;{}&#8221;][et_pb_column type=&#8221;4_4&#8243; _builder_version=&#8221;4.4.2&#8243; global_colors_info=&#8221;{}&#8221;][et_pb_text _builder_version=&#8221;4.13.1&#8243; header_5_font_size=&#8221;18px&#8221; text_orientation=&#8221;center&#8221; hover_enabled=&#8221;0&#8243; global_colors_info=&#8221;{}&#8221; sticky_enabled=&#8221;0&#8243;]<\/p>\n<h2><strong>Volontiraj u Koraku<\/strong><\/h2>\n<p>&nbsp;<\/p>\n<p>Udruga roditelja Korak po korak organizator je razli\u010ditih volonterskih aktivnosti na gotovo svim na\u0161im projektima\/programima. Ovisno o dijelu godine i koli\u010dini aktivnih projekata, na\u0161a potreba za volonterima se mijenja. Na ovom mjestu uvijek mo\u017ee\u0161 prona\u0107i sve aktualne projekte na kojima se mo\u017ee\u0161 pridru\u017eiti na\u0161em timu i volonterski doprinijeti aktivnostima.<\/p>\n<p>&nbsp;<\/p>\n<h4><strong>Aktualne potrebe za volontiranjem:<\/strong><\/h4>\n<p><strong>\u00a0<\/strong><\/p>\n<h5><span style=\"color: #ef475e; font-size: large;\"><strong>WEB stranica Udruge<\/strong><\/span><\/h5>\n<h5><span style=\"font-size: large;\">mediji o nama<\/span><\/h5>\n<h5><span style=\"font-size: large;\">skeniranje objavljenih tekstova<\/span><\/h5>\n<h5><span style=\"font-size: large;\">prijevod na engleski<\/span><\/h5>\n<h5><span style=\"font-size: large;\"><strong>\u00a0<\/strong><\/span><\/h5>\n<h5><span style=\"color: #ef475e; font-size: large;\"><strong>PORTAL za maloljetne roditelje<\/strong><\/span><\/h5>\n<h5><span style=\"font-size: large;\">Info kutak<\/span><\/h5>\n<h5><span style=\"font-size: large;\">Pisanje tekstova<\/span><\/h5>\n<p><span style=\"font-size: 18px;\">\u00a0<\/span><\/p>\n<p>Ako ti se svi\u0111a ne\u0161to od na\u0161e ponude za volontiranje, mo\u017ee\u0161 se obratiti na\u0161em koordinatoru volontera na mail <a href=\"mailto:info@urkpk.or\">info@urkpk.org, <\/a>a mi \u0107emo ti se javiti u najkra\u0107em roku.<\/p>\n<p>[\/et_pb_text][\/et_pb_column][\/et_pb_row][\/et_pb_section]<\/p>\n","protected":false},"excerpt":{"rendered":"<p>Donirajte! Udruga roditelja korak po korak je neprofitna organizacija koja prikuplja ve\u0107inu svojih sredstava od razli\u010ditih sponzora i donatora putem javnih natje\u010daja. Oslanjamo se na donacije i javnu potporu u provo\u0111enju na\u0161ih aktivnosti usmjerenih na promicanje dje\u010djih prava kao i prava njihovih obitelji. Va\u0161a osobna donacija, ma koliko velika ili mala, \u010dini razliku! Ako \u017eelite [&hellip;]<\/p>\n","protected":false},"author":1,"featured_media":0,"parent":3631,"menu_order":0,"comment_status":"closed","ping_status":"closed","template":"","meta":{"_et_pb_use_builder":"on","_et_pb_old_content":"","_et_gb_content_width":"","footnotes":""},"class_list":["post-3938","page","type-page","status-publish","hentry"],"_links":{"self":[{"href":"https:\/\/urkpk.org\/en\/wp-json\/wp\/v2\/pages\/3938","targetHints":{"allow":["GET"]}}],"collection":[{"href":"https:\/\/urkpk.org\/en\/wp-json\/wp\/v2\/pages"}],"about":[{"href":"https:\/\/urkpk.org\/en\/wp-json\/wp\/v2\/types\/page"}],"author":[{"embeddable":true,"href":"https:\/\/urkpk.org\/en\/wp-json\/wp\/v2\/users\/1"}],"replies":[{"embeddable":true,"href":"https:\/\/urkpk.org\/en\/wp-json\/wp\/v2\/comments?post=3938"}],"version-history":[{"count":5,"href":"https:\/\/urkpk.org\/en\/wp-json\/wp\/v2\/pages\/3938\/revisions"}],"predecessor-version":[{"id":5014,"href":"https:\/\/urkpk.org\/en\/wp-json\/wp\/v2\/pages\/3938\/revisions\/5014"}],"up":[{"embeddable":true,"href":"https:\/\/urkpk.org\/en\/wp-json\/wp\/v2\/pages\/3631"}],"wp:attachment":[{"href":"https:\/\/urkpk.org\/en\/wp-json\/wp\/v2\/media?parent=3938"}],"curies":[{"name":"wp","href":"https:\/\/api.w.org\/{rel}","templated":true}]}}