{"id":3944,"date":"2020-04-09T13:51:25","date_gmt":"2020-04-09T13:51:25","guid":{"rendered":"https:\/\/urkpk.org\/about-us\/zaposlenici\/"},"modified":"2026-03-30T12:30:49","modified_gmt":"2026-03-30T12:30:49","slug":"zaposlenici","status":"publish","type":"page","link":"https:\/\/urkpk.org\/en\/about-us\/zaposlenici\/","title":{"rendered":"Zaposlenici"},"content":{"rendered":"<p>[et_pb_section fb_built=&#8221;1&#8243; _builder_version=&#8221;4.16&#8243; background_color=&#8221;#f1eff0&#8243; custom_padding=&#8221;45px|||||&#8221; global_colors_info=&#8221;{}&#8221;][et_pb_row _builder_version=&#8221;4.16&#8243; global_colors_info=&#8221;{}&#8221;][et_pb_column type=&#8221;4_4&#8243; _builder_version=&#8221;4.16&#8243; global_colors_info=&#8221;{}&#8221;][et_pb_text _builder_version=&#8221;4.16&#8243; header_2_font=&#8221;|||on|||||&#8221; header_2_text_color=&#8221;#ef475e&#8221; text_orientation=&#8221;center&#8221; width=&#8221;74%&#8221; module_alignment=&#8221;center&#8221; global_colors_info=&#8221;{}&#8221;]<\/p>\n<h2><strong>Korakov tim<\/strong><\/h2>\n<p>&nbsp;<\/p>\n<p>Korakov tim \u010dini \u010detiri profesionalca s dugogodi\u0161njim iskustvom rada u nevladinim organizacijama, kreiranja i provo\u0111enja projektnih aktivnosti, kao i zalaganja za promjene u dru\u0161tvu.<\/p>\n<p>[\/et_pb_text][\/et_pb_column][\/et_pb_row][\/et_pb_section][et_pb_section fb_built=&#8221;1&#8243; _builder_version=&#8221;4.16.1&#8243; global_colors_info=&#8221;{}&#8221;][et_pb_row column_structure=&#8221;1_4,3_4&#8243; _builder_version=&#8221;4.16&#8243; global_colors_info=&#8221;{}&#8221;][et_pb_column type=&#8221;1_4&#8243; _builder_version=&#8221;4.16&#8243; global_colors_info=&#8221;{}&#8221;][et_pb_image src=&#8221;https:\/\/urkpk.org\/wp-content\/uploads\/2020\/04\/Vesna-2.jpg&#8221; align=&#8221;center&#8221; _builder_version=&#8221;4.16&#8243; border_radii=&#8221;on|222px|222px|222px|222px&#8221; border_width_all=&#8221;3px&#8221; border_color_all=&#8221;#24bdb8&#8243; global_colors_info=&#8221;{}&#8221;][\/et_pb_image][\/et_pb_column][et_pb_column type=&#8221;3_4&#8243; _builder_version=&#8221;4.16&#8243; global_colors_info=&#8221;{}&#8221;][et_pb_text _builder_version=&#8221;4.16&#8243; header_4_font=&#8221;||||||||&#8221; header_4_text_color=&#8221;#ef475e&#8221; header_4_font_size=&#8221;19px&#8221; header_4_text_align_tablet=&#8221;center&#8221; header_4_text_align_phone=&#8221;&#8221; header_4_text_align_last_edited=&#8221;on|tablet&#8221; header_4_font_size_tablet=&#8221;19px&#8221; header_4_font_size_phone=&#8221;&#8221; header_4_font_size_last_edited=&#8221;on|desktop&#8221; global_colors_info=&#8221;{}&#8221;]<\/p>\n<h4><span style=\"color: #ef475e;\"><strong>IZVR\u0160NA DIREKTORICA<\/strong><\/span><\/h4>\n<p><strong>Vesna Mili\u010devi\u0107<\/strong><br \/><strong><\/strong><\/p>\n<p style=\"text-align: justify;\">Iskusna u administraciji, organizaciji i koordinaciji aktivnosti, financijskoj administraciji, planiranju i pra\u0107enju provedbe, kao i financijskom pra\u0107enju projekata.<\/p>\n<p>[\/et_pb_text][\/et_pb_column][\/et_pb_row][\/et_pb_section]<\/p>\n","protected":false},"excerpt":{"rendered":"<p>Korakov tim &nbsp; Korakov tim \u010dini \u010detiri profesionalca s dugogodi\u0161njim iskustvom rada u nevladinim organizacijama, kreiranja i provo\u0111enja projektnih aktivnosti, kao i zalaganja za promjene u dru\u0161tvu.IZVR\u0160NA DIREKTORICA Vesna Mili\u010devi\u0107 Iskusna u administraciji, organizaciji i koordinaciji aktivnosti, financijskoj administraciji, planiranju i pra\u0107enju provedbe, kao i financijskom pra\u0107enju projekata.<\/p>\n","protected":false},"author":1,"featured_media":0,"parent":3631,"menu_order":0,"comment_status":"closed","ping_status":"closed","template":"","meta":{"_et_pb_use_builder":"on","_et_pb_old_content":"","_et_gb_content_width":"","footnotes":""},"class_list":["post-3944","page","type-page","status-publish","hentry"],"_links":{"self":[{"href":"https:\/\/urkpk.org\/en\/wp-json\/wp\/v2\/pages\/3944","targetHints":{"allow":["GET"]}}],"collection":[{"href":"https:\/\/urkpk.org\/en\/wp-json\/wp\/v2\/pages"}],"about":[{"href":"https:\/\/urkpk.org\/en\/wp-json\/wp\/v2\/types\/page"}],"author":[{"embeddable":true,"href":"https:\/\/urkpk.org\/en\/wp-json\/wp\/v2\/users\/1"}],"replies":[{"embeddable":true,"href":"https:\/\/urkpk.org\/en\/wp-json\/wp\/v2\/comments?post=3944"}],"version-history":[{"count":33,"href":"https:\/\/urkpk.org\/en\/wp-json\/wp\/v2\/pages\/3944\/revisions"}],"predecessor-version":[{"id":5453,"href":"https:\/\/urkpk.org\/en\/wp-json\/wp\/v2\/pages\/3944\/revisions\/5453"}],"up":[{"embeddable":true,"href":"https:\/\/urkpk.org\/en\/wp-json\/wp\/v2\/pages\/3631"}],"wp:attachment":[{"href":"https:\/\/urkpk.org\/en\/wp-json\/wp\/v2\/media?parent=3944"}],"curies":[{"name":"wp","href":"https:\/\/api.w.org\/{rel}","templated":true}]}}