{"id":4075,"date":"2020-02-19T15:00:27","date_gmt":"2020-02-19T15:00:27","guid":{"rendered":"https:\/\/urkpk.org\/pocetna\/"},"modified":"2025-11-04T20:29:32","modified_gmt":"2025-11-04T20:29:32","slug":"pocetna","status":"publish","type":"page","link":"https:\/\/urkpk.org\/en\/","title":{"rendered":"Po\u010detna"},"content":{"rendered":"<p>[et_pb_section fb_built=&#8221;1&#8243; _builder_version=&#8221;4.16&#8243; background_color=&#8221;#f1eff0&#8243; custom_padding=&#8221;89px||89px||true|&#8221; global_colors_info=&#8221;{}&#8221;][et_pb_row _builder_version=&#8221;4.27.4&#8243; custom_padding=&#8221;0px||1px|||&#8221; hover_enabled=&#8221;0&#8243; global_colors_info=&#8221;{}&#8221; sticky_enabled=&#8221;0&#8243;][et_pb_column type=&#8221;4_4&#8243; _builder_version=&#8221;4.16&#8243; global_colors_info=&#8221;{}&#8221;][et_pb_text _builder_version=&#8221;4.27.4&#8243; _module_preset=&#8221;default&#8221; hover_enabled=&#8221;0&#8243; sticky_enabled=&#8221;0&#8243;]<\/p>\n<p>Parents\u2019 Association <strong>\u201cStep by step\u201d<\/strong> is a non-governmental, non-profit organization that promotes a<br \/>child-centered society, valuing children as its greatest treasure and prioritizing their well-being,<br \/>development, and education. It supports parenting values that help balance work and family life and<br \/>works to protect the rights of children and families through cooperation with educational<br \/>institutions, public events, publications, and partnerships in Croatia and abroad.<\/p>\n<p>The Association advocates for equal access to quality, free education for all children and encourages<br \/>parents\u2019 active involvement in matters affecting their families. It promotes child-centered learning,<br \/>inclusion, and intercultural understanding, while fostering partnerships between children and adults<br \/>and supporting socially responsible practices that improve the lives of children and families.<\/p>\n<p>[\/et_pb_text][\/et_pb_column][\/et_pb_row][\/et_pb_section][et_pb_section fb_built=&#8221;1&#8243; _builder_version=&#8221;4.16&#8243; global_colors_info=&#8221;{}&#8221;][et_pb_row column_structure=&#8221;1_4,1_4,1_4,1_4&#8243; use_custom_gutter=&#8221;on&#8221; gutter_width=&#8221;1&#8243; _builder_version=&#8221;4.16&#8243; global_colors_info=&#8221;{}&#8221;][et_pb_column type=&#8221;1_4&#8243; _builder_version=&#8221;4.16&#8243; global_colors_info=&#8221;{}&#8221;][et_pb_blurb title=&#8221;Edukacija&#8221; image=&#8221;https:\/\/urkpk.org\/wp-content\/uploads\/2020\/03\/kpk_ikone_edu.png&#8221; _builder_version=&#8221;4.16&#8243; header_font=&#8221;|600|||||||&#8221; header_text_color=&#8221;#5e5d5d&#8221; text_orientation=&#8221;center&#8221; global_colors_info=&#8221;{}&#8221;]<\/p>\n<p><span style=\"font-weight: 400;\">Osna\u017eivanje svih \u010dlanova obitelji i stru\u010dnjaka\/inja za pozitivno roditeljstvo i djelovanje u najboljem interesu djeteta.\u00a0<\/span><\/p>\n<p>[\/et_pb_blurb][\/et_pb_column][et_pb_column type=&#8221;1_4&#8243; _builder_version=&#8221;4.16&#8243; global_colors_info=&#8221;{}&#8221;][et_pb_blurb title=&#8221;Komunikacija&#8221; image=&#8221;https:\/\/urkpk.org\/wp-content\/uploads\/2020\/03\/kpk_ikone_kom.png&#8221; _builder_version=&#8221;4.16&#8243; header_font=&#8221;|600|||||||&#8221; header_text_color=&#8221;#5e5d5d&#8221; text_orientation=&#8221;center&#8221; custom_padding_tablet=&#8221;&#8221; custom_padding_phone=&#8221;50px||||false|false&#8221; custom_padding_last_edited=&#8221;on|phone&#8221; global_colors_info=&#8221;{}&#8221;]<\/p>\n<p style=\"text-align: center;\"><span style=\"font-weight: 400;\">Ja\u010danje glasa i otvorena komunikacija roditelja, djece i mladih u kreiranju odluka va\u017enih za obitelj u dijalogu sa donositeljima odluka.\u00a0<\/span><\/p>\n<p>[\/et_pb_blurb][\/et_pb_column][et_pb_column type=&#8221;1_4&#8243; _builder_version=&#8221;4.16&#8243; global_colors_info=&#8221;{}&#8221;][et_pb_blurb title=&#8221;Tolerancija&#8221; image=&#8221;https:\/\/urkpk.org\/wp-content\/uploads\/2020\/03\/kpk_ikone_tol.png&#8221; _builder_version=&#8221;4.16&#8243; header_font=&#8221;|600|||||||&#8221; header_text_color=&#8221;#5e5d5d&#8221; text_orientation=&#8221;center&#8221; custom_padding=&#8221;20px||||false|false&#8221; custom_padding_tablet=&#8221;&#8221; custom_padding_phone=&#8221;50px||||false|false&#8221; custom_padding_last_edited=&#8221;on|phone&#8221; global_colors_info=&#8221;{}&#8221;]<\/p>\n<p><span style=\"font-weight: 400;\">Djelovanje za op\u0107e dobro u skladu sa na\u010delima uva\u017eavanja razli\u010ditosti, nediskriminacije, promicanje dobrobiti i nenasilja<\/span><\/p>\n<p>[\/et_pb_blurb][\/et_pb_column][et_pb_column type=&#8221;1_4&#8243; _builder_version=&#8221;4.16&#8243; global_colors_info=&#8221;{}&#8221;][et_pb_blurb title=&#8221;Jednakost&#8221; image=&#8221;https:\/\/urkpk.org\/wp-content\/uploads\/2020\/03\/kpk_ikone_jed.png&#8221; _builder_version=&#8221;4.16&#8243; header_font=&#8221;|600|||||||&#8221; header_text_color=&#8221;#5e5d5d&#8221; text_orientation=&#8221;center&#8221; custom_padding=&#8221;45px||||false|false&#8221; custom_padding_tablet=&#8221;&#8221; custom_padding_phone=&#8221;50px||||false|false&#8221; custom_padding_last_edited=&#8221;on|phone&#8221; global_colors_info=&#8221;{}&#8221;]<\/p>\n<p><span style=\"font-weight: 400;\">\u00a0Zalaganje za dostupnost informacija, jednakost pristupa i jednake mogu\u0107nosti za sve.<\/span><\/p>\n<p>[\/et_pb_blurb][\/et_pb_column][\/et_pb_row][\/et_pb_section][et_pb_section fb_built=&#8221;1&#8243; _builder_version=&#8221;4.16&#8243; background_color=&#8221;#292d6c&#8221; custom_padding=&#8221;76px||76px||true|&#8221; global_colors_info=&#8221;{}&#8221;][et_pb_row column_structure=&#8221;1_2,1_2&#8243; _builder_version=&#8221;4.16&#8243; width=&#8221;60%&#8221; custom_padding=&#8221;0px||0px||false|false&#8221; border_radii=&#8221;on|66px|66px|66px|66px&#8221; global_colors_info=&#8221;{}&#8221;][et_pb_column type=&#8221;1_2&#8243; _builder_version=&#8221;4.16&#8243; global_colors_info=&#8221;{}&#8221;][et_pb_image src=&#8221;https:\/\/urkpk.org\/wp-content\/uploads\/2021\/03\/pub-2.png&#8221; title_text=&#8221;pub&#8221; _builder_version=&#8221;4.16&#8243; _module_preset=&#8221;default&#8221; border_radii=&#8221;on|155px|155px|155px|155px&#8221; global_colors_info=&#8221;{}&#8221;][\/et_pb_image][\/et_pb_column][et_pb_column type=&#8221;1_2&#8243; _builder_version=&#8221;4.16&#8243; global_colors_info=&#8221;{}&#8221;][et_pb_text _builder_version=&#8221;4.16&#8243; _module_preset=&#8221;default&#8221; text_font=&#8221;||||||||&#8221; text_text_color=&#8221;#FFFFFF&#8221; text_font_size=&#8221;16px&#8221; header_font=&#8221;|700|||||||&#8221; header_text_align=&#8221;left&#8221; header_text_color=&#8221;#FBD40A&#8221; header_font_size=&#8221;34px&#8221; header_2_font=&#8221;|700|||||||&#8221; header_2_text_align=&#8221;left&#8221; header_2_text_color=&#8221;#FBD40A&#8221; header_2_font_size=&#8221;34px&#8221; header_3_font=&#8221;|700|||||||&#8221; header_3_text_align=&#8221;left&#8221; header_3_text_color=&#8221;#FBD40A&#8221; header_3_font_size=&#8221;34px&#8221; header_4_font=&#8221;|700|||||||&#8221; header_4_text_align=&#8221;left&#8221; header_4_text_color=&#8221;#FBD40A&#8221; header_4_font_size=&#8221;34px&#8221; header_5_font=&#8221;|700|||||||&#8221; header_5_text_align=&#8221;left&#8221; header_5_text_color=&#8221;#FBD40A&#8221; header_5_font_size=&#8221;34px&#8221; header_6_font=&#8221;|700|||||||&#8221; header_6_text_align=&#8221;left&#8221; header_6_text_color=&#8221;#FBD40A&#8221; header_6_font_size=&#8221;34px&#8221; text_text_align=&#8221;left&#8221; global_colors_info=&#8221;{}&#8221;]<\/p>\n<h2>Publikacije<\/h2>\n<p>Udruga roditelja &#8220;Korak po korak&#8221;\u00a0 kreira i donosi vam razne publikacije na temama prevencije nasilja, razli\u010ditih obilika podr\u0161ke i edukacije. Sve su dostupne za \u010ditanje i preuzimanje ovdje na na\u0161oj web stranci.\u00a0<\/p>\n<p>[\/et_pb_text][et_pb_button button_url=&#8221;https:\/\/urkpk.org\/publikacije\/&#8221; button_text=&#8221;Pogledaj publikacije &#8230;&#8221; button_alignment=&#8221;right&#8221; button_alignment_tablet=&#8221;left&#8221; button_alignment_phone=&#8221;center&#8221; button_alignment_last_edited=&#8221;on|phone&#8221; _builder_version=&#8221;4.16&#8243; _module_preset=&#8221;default&#8221; custom_button=&#8221;on&#8221; button_text_size=&#8221;18px&#8221; button_text_color=&#8221;#2B2D6A&#8221; button_bg_color=&#8221;#24BDB8&#8243; button_border_color=&#8221;#24BDB8&#8243; button_border_radius=&#8221;60px&#8221; button_font=&#8221;Poppins|500|||||||&#8221; button_icon_placement=&#8221;left&#8221; button_text_color_tablet=&#8221;&#8221; button_text_color_phone=&#8221;&#8221; button_text_color_last_edited=&#8221;on|desktop&#8221; global_colors_info=&#8221;{}&#8221; button_text_color__hover=&#8221;#2B2D6A&#8221; button_text_color__hover_enabled=&#8221;on|desktop&#8221; button_bg_color__hover=&#8221;#24BDB8&#8243; button_bg_color__hover_enabled=&#8221;on|hover&#8221; button_border_color__hover=&#8221;#FBD40A&#8221; button_border_color__hover_enabled=&#8221;on|hover&#8221;][\/et_pb_button][\/et_pb_column][\/et_pb_row][\/et_pb_section][et_pb_section fb_built=&#8221;1&#8243; _builder_version=&#8221;4.16&#8243; background_color=&#8221;#ffffff&#8221; custom_padding=&#8221;72px||72px||true|false&#8221; global_colors_info=&#8221;{}&#8221;][et_pb_row _builder_version=&#8221;4.16&#8243; _module_preset=&#8221;default&#8221; global_colors_info=&#8221;{}&#8221;][et_pb_column type=&#8221;4_4&#8243; _builder_version=&#8221;4.16&#8243; _module_preset=&#8221;default&#8221; global_colors_info=&#8221;{}&#8221;][et_pb_text _builder_version=&#8221;4.16&#8243; _module_preset=&#8221;default&#8221; header_font=&#8221;|700|||||||&#8221; header_text_align=&#8221;left&#8221; header_text_color=&#8221;#2b2d6a&#8221; header_font_size=&#8221;34px&#8221; header_2_font=&#8221;|700|||||||&#8221; header_2_text_align=&#8221;left&#8221; header_2_text_color=&#8221;#2b2d6a&#8221; header_2_font_size=&#8221;34px&#8221; header_3_font=&#8221;|700|||||||&#8221; header_3_text_align=&#8221;left&#8221; header_3_text_color=&#8221;#2b2d6a&#8221; header_3_font_size=&#8221;34px&#8221; header_4_font=&#8221;|700|||||||&#8221; header_4_text_align=&#8221;left&#8221; header_4_text_color=&#8221;#2b2d6a&#8221; header_4_font_size=&#8221;34px&#8221; header_5_font=&#8221;|700|||||||&#8221; header_5_text_align=&#8221;left&#8221; header_5_text_color=&#8221;#2b2d6a&#8221; header_5_font_size=&#8221;34px&#8221; header_6_font=&#8221;|700|||||||&#8221; header_6_text_align=&#8221;left&#8221; header_6_text_color=&#8221;#2b2d6a&#8221; header_6_font_size=&#8221;34px&#8221; global_colors_info=&#8221;{}&#8221;]<\/p>\n<h2 style=\"text-align: center;\">Prijavite se na Korakove edukacije! <\/h2>\n<p>[\/et_pb_text][et_pb_button button_url=&#8221;https:\/\/urkpk.org\/obrazac-prijava-za-edukacije-koraka\/&#8221; button_text=&#8221;Prijavite se&#8221; button_alignment=&#8221;center&#8221; button_alignment_tablet=&#8221;left&#8221; button_alignment_phone=&#8221;center&#8221; button_alignment_last_edited=&#8221;on|phone&#8221; _builder_version=&#8221;4.16&#8243; _module_preset=&#8221;default&#8221; custom_button=&#8221;on&#8221; button_text_size=&#8221;18px&#8221; button_text_color=&#8221;#ffffff&#8221; button_bg_color=&#8221;#ef475e&#8221; button_border_color=&#8221;#ef475e&#8221; button_border_radius=&#8221;60px&#8221; button_font=&#8221;Poppins|500|||||||&#8221; button_icon_placement=&#8221;left&#8221; button_text_color_tablet=&#8221;&#8221; button_text_color_phone=&#8221;&#8221; button_text_color_last_edited=&#8221;on|desktop&#8221; global_colors_info=&#8221;{}&#8221; button_text_color__hover=&#8221;#ffffff&#8221; button_text_color__hover_enabled=&#8221;on|hover&#8221; button_bg_color__hover=&#8221;#ef475e&#8221; button_bg_color__hover_enabled=&#8221;on|hover&#8221; button_border_color__hover=&#8221;#ef475e&#8221; button_border_color__hover_enabled=&#8221;on|hover&#8221;][\/et_pb_button][\/et_pb_column][\/et_pb_row][\/et_pb_section][et_pb_section fb_built=&#8221;1&#8243; _builder_version=&#8221;4.16&#8243; background_color=&#8221;#24bdb8&#8243; global_colors_info=&#8221;{}&#8221;][et_pb_row column_structure=&#8221;1_3,1_3,1_3&#8243; _builder_version=&#8221;4.16&#8243; global_colors_info=&#8221;{}&#8221;][et_pb_column type=&#8221;1_3&#8243; _builder_version=&#8221;4.16&#8243; global_colors_info=&#8221;{}&#8221;][et_pb_number_counter number=&#8221; 5000 &#8221; percent_sign=&#8221;off&#8221; _builder_version=&#8221;4.16&#8243; title_text_align=&#8221;center&#8221; title_text_color=&#8221;#ffffff&#8221; number_font=&#8221;|700|||||||&#8221; number_text_align=&#8221;center&#8221; number_text_color=&#8221;#fbd40a&#8221; global_colors_info=&#8221;{}&#8221;][\/et_pb_number_counter][et_pb_text _builder_version=&#8221;4.16&#8243; text_text_color=&#8221;#ffffff&#8221; text_orientation=&#8221;center&#8221; global_colors_info=&#8221;{}&#8221;]<\/p>\n<p><span style=\"font-weight: 400;\">djece i mladih u 2020. godini obuhva\u0107eno je programima, projektima i aktivnostima Udruge<\/span><\/p>\n<p>[\/et_pb_text][\/et_pb_column][et_pb_column type=&#8221;1_3&#8243; _builder_version=&#8221;4.16&#8243; global_colors_info=&#8221;{}&#8221;][et_pb_number_counter number=&#8221;650&#8243; percent_sign=&#8221;off&#8221; _builder_version=&#8221;4.16&#8243; title_text_align=&#8221;center&#8221; title_text_color=&#8221;#ffffff&#8221; number_font=&#8221;|700|||||||&#8221; number_text_align=&#8221;center&#8221; number_text_color=&#8221;#fbd40a&#8221; global_colors_info=&#8221;{}&#8221;][\/et_pb_number_counter][et_pb_text _builder_version=&#8221;4.16&#8243; text_text_color=&#8221;#ffffff&#8221; text_orientation=&#8221;center&#8221; global_colors_info=&#8221;{}&#8221;]<\/p>\n<p><span style=\"font-weight: 400;\">stru\u010dnjaka\/inja i roditelja u 2020. godini osna\u017eeno je\u00a0 za rad u najboljem interesu djeteta<\/span><\/p>\n<p>[\/et_pb_text][\/et_pb_column][et_pb_column type=&#8221;1_3&#8243; _builder_version=&#8221;4.16&#8243; global_colors_info=&#8221;{}&#8221;][et_pb_number_counter number=&#8221;10&#8243; percent_sign=&#8221;off&#8221; _builder_version=&#8221;4.16&#8243; title_text_align=&#8221;center&#8221; title_text_color=&#8221;#ffffff&#8221; number_font=&#8221;|700|||||||&#8221; number_text_align=&#8221;center&#8221; number_text_color=&#8221;#fbd40a&#8221; global_colors_info=&#8221;{}&#8221;][\/et_pb_number_counter][et_pb_text _builder_version=&#8221;4.16&#8243; text_text_color=&#8221;#ffffff&#8221; text_orientation=&#8221;center&#8221; global_colors_info=&#8221;{}&#8221;]<\/p>\n<p><span style=\"font-weight: 400;\">publikacija je izra\u0111eno u 2020. godini i javno dostupno za \u0161iru populaciju na stranicama Udruge<\/span><\/p>\n<p>[\/et_pb_text][\/et_pb_column][\/et_pb_row][\/et_pb_section]<\/p>\n","protected":false},"excerpt":{"rendered":"<p>Parents\u2019 Association \u201cStep by step\u201d is a non-governmental, non-profit organization that promotes achild-centered society, valuing children as its greatest treasure and prioritizing their well-being,development, and education. It supports parenting values that help balance work and family life andworks to protect the rights of children and families through cooperation with educationalinstitutions, public events, publications, and partnerships [&hellip;]<\/p>\n","protected":false},"author":1,"featured_media":0,"parent":0,"menu_order":0,"comment_status":"closed","ping_status":"closed","template":"","meta":{"_et_pb_use_builder":"on","_et_pb_old_content":"<!-- wp:paragraph -->\n<p>This is an example page. It's different from a blog post because it will stay in one place and will show up in your site navigation (in most themes). Most people start with an About page that introduces them to potential site visitors. It might say something like this:<\/p>\n<!-- \/wp:paragraph -->\n\n<!-- wp:quote -->\n<blockquote class=\"wp-block-quote\"><p>Hi there! I'm a bike messenger by day, aspiring actor by night, and this is my website. I live in Los Angeles, have a great dog named Jack, and I like pi\u00f1a coladas. (And gettin' caught in the rain.)<\/p><\/blockquote>\n<!-- \/wp:quote -->\n\n<!-- wp:paragraph -->\n<p>...or something like this:<\/p>\n<!-- \/wp:paragraph -->\n\n<!-- wp:quote -->\n<blockquote class=\"wp-block-quote\"><p>The XYZ Doohickey Company was founded in 1971, and has been providing quality doohickeys to the public ever since. Located in Gotham City, XYZ employs over 2,000 people and does all kinds of awesome things for the Gotham community.<\/p><\/blockquote>\n<!-- \/wp:quote -->\n\n<!-- wp:paragraph -->\n<p>As a new WordPress user, you should go to <a href=\"http:\/\/urkpk.org\/wp-admin\/\">your dashboard<\/a> to delete this page and create new pages for your content. Have fun!<\/p>\n<!-- \/wp:paragraph -->","_et_gb_content_width":"1080","footnotes":""},"class_list":["post-4075","page","type-page","status-publish","hentry"],"_links":{"self":[{"href":"https:\/\/urkpk.org\/en\/wp-json\/wp\/v2\/pages\/4075","targetHints":{"allow":["GET"]}}],"collection":[{"href":"https:\/\/urkpk.org\/en\/wp-json\/wp\/v2\/pages"}],"about":[{"href":"https:\/\/urkpk.org\/en\/wp-json\/wp\/v2\/types\/page"}],"author":[{"embeddable":true,"href":"https:\/\/urkpk.org\/en\/wp-json\/wp\/v2\/users\/1"}],"replies":[{"embeddable":true,"href":"https:\/\/urkpk.org\/en\/wp-json\/wp\/v2\/comments?post=4075"}],"version-history":[{"count":4,"href":"https:\/\/urkpk.org\/en\/wp-json\/wp\/v2\/pages\/4075\/revisions"}],"predecessor-version":[{"id":5425,"href":"https:\/\/urkpk.org\/en\/wp-json\/wp\/v2\/pages\/4075\/revisions\/5425"}],"wp:attachment":[{"href":"https:\/\/urkpk.org\/en\/wp-json\/wp\/v2\/media?parent=4075"}],"curies":[{"name":"wp","href":"https:\/\/api.w.org\/{rel}","templated":true}]}}